{"id":3718,"date":"2021-08-06T13:23:09","date_gmt":"2021-08-06T11:23:09","guid":{"rendered":"http:\/\/s311126158.mialojamiento.es\/?page_id=3718"},"modified":"2023-02-08T17:40:28","modified_gmt":"2023-02-08T16:40:28","slug":"condiciones-generales","status":"publish","type":"page","link":"https:\/\/www.mataran-motocross.com\/en\/condiciones-generales","title":{"rendered":"General conditions"},"content":{"rendered":"<div data-elementor-type=\"wp-page\" data-elementor-id=\"3718\" class=\"elementor elementor-3718\" data-elementor-post-type=\"page\">\n\t\t\t\t\t\t<section class=\"elementor-section elementor-top-section elementor-element elementor-element-67feacf6 elementor-section-full_width elementor-section-height-default elementor-section-height-default\" data-id=\"67feacf6\" data-element_type=\"section\" data-e-type=\"section\">\n\t\t\t\t\t\t<div class=\"elementor-container elementor-column-gap-default\">\n\t\t\t\t\t<div class=\"elementor-column elementor-col-100 elementor-top-column elementor-element elementor-element-10265ff5\" data-id=\"10265ff5\" data-element_type=\"column\" data-e-type=\"column\">\n\t\t\t<div class=\"elementor-widget-wrap elementor-element-populated\">\n\t\t\t\t\t\t<div class=\"elementor-element elementor-element-46ecfe03 elementor-widget elementor-widget-woocommerce-breadcrumb\" data-id=\"46ecfe03\" data-element_type=\"widget\" data-e-type=\"widget\" data-widget_type=\"woocommerce-breadcrumb.default\">\n\t\t\t\t<div class=\"elementor-widget-container\">\n\t\t\t\t\t<nav class=\"woocommerce-breadcrumb\" aria-label=\"Breadcrumb\" data-no-translation=\"\" data-trp-gettext=\"\">Home<\/nav>\t\t\t\t<\/div>\n\t\t\t\t<\/div>\n\t\t\t\t\t<\/div>\n\t\t<\/div>\n\t\t\t\t\t<\/div>\n\t\t<\/section>\n\t\t\t\t<section class=\"elementor-section elementor-top-section elementor-element elementor-element-5661b2c elementor-section-boxed elementor-section-height-default elementor-section-height-default\" data-id=\"5661b2c\" data-element_type=\"section\" data-e-type=\"section\">\n\t\t\t\t\t\t<div class=\"elementor-container elementor-column-gap-default\">\n\t\t\t\t\t<div class=\"elementor-column elementor-col-100 elementor-top-column elementor-element elementor-element-88be1dd\" data-id=\"88be1dd\" data-element_type=\"column\" data-e-type=\"column\">\n\t\t\t<div class=\"elementor-widget-wrap elementor-element-populated\">\n\t\t\t\t\t\t<div class=\"elementor-element elementor-element-99e6fa0 elementor-widget elementor-widget-text-editor\" data-id=\"99e6fa0\" data-element_type=\"widget\" data-e-type=\"widget\" data-widget_type=\"text-editor.default\">\n\t\t\t\t<div class=\"elementor-widget-container\">\n\t\t\t\t\t\t\t\t\t<h1><strong>General conditions of purchase<\/strong><\/h1><h3>Price lists<\/h3><p>In relation to Value Added Tax, as a general rule the tax rate of 21% will be applied for the territory of the European Union where this tax is applicable.<\/p><p>Los precios expuestos en www.mataran-motocross.com podr\u00e1n ser revisados y modificados si las condiciones lo requieren en cualquier momento.<\/p><h3>Payment Methods<\/h3><p>All purchases can be paid by:<\/p><ul><li><strong>Cash on delivery<\/strong><\/li><\/ul><p>With this form of payment, the total amount of the order will be paid when the delivery is made. This form of payment has certain territorial restrictions and implies an increase in the total amount of your order of 5% with a minimum of 3 \u20ac + VAT (Service only available for Spain in shipments by the GLS agency, not including islands).<\/p><ul><li><strong>Deposit\/Bank transfer<\/strong><\/li><\/ul><p>It is the most economical way. Our data to make the deposit or transfer will be provided at the time of order confirmation.<\/p><ul><li><strong>Bizum.<\/strong><\/li><\/ul><p>bizum. It is the fastest way. Our telephone number to make the payment through Bizum is the same as our website +34 645 244 919, this number will be provided by e-mail, which as confirmation of your order will also be sent to your e-mail with a delivery note your order.<\/p><p>The billing information will be used only for the shipment of the purchased product\/s. This information will not be used for commercial purposes nor will it be disclosed to third parties.<\/p><h3>Warranty<\/h3><p>Los clientes de Mataran se benefician de la garant\u00eda de 2 a\u00f1os en los art\u00edculos.<\/p><p>Defects or damage due to improper use or handling of the material or wear caused by normal use of the same, are not included in this warranty.<\/p><p>Losses in the functionality of the items, due to their design limitations, are also excluded from the coverage of this warranty.<\/p><p>Consult the specialized advice of our Customer Service.<\/p><p><strong>**Attention the images are an example of the product.<\/strong><br \/>They may vary or not correspond exactly to the reference model, in the case of specific products.<\/p><h3>General data protection<\/h3><p class=\"translation-block\">You can consult our privacy policy in the section \u201c<a href=\"http:\/\/s311126158.mialojamiento.es\/polica-de-privacidad\" target=\"_self\"> Privacy Policy <\/a>\u201d for this purpose<\/p><h3>Legislation and jurisdiction (Spain only)<\/h3><p>These general conditions will be interpreted in accordance with the legislation in force in Spain on the matter, which will be applied subsidiarily in everything that has not been provided for therein. (Basically Law 34\/2002 of July 11 on information services and electronic commerce).<\/p><h3>Modifications<\/h3><p>Mataran se reserva el derecho a modificar en cualquier momento los SERVICIOS prestados a trav\u00e9s del sitio web www.mataran-motocross.com, introduciendo o eliminando determinados servicios o contenidos que contribuyan a ofrecer un mejor servicio.<\/p><h1>Shipping &amp; Returns<\/h1><h3>Shipping methods and delivery times<\/h3><p>www.mataran-motocross.com entregar\u00e1 pedidos en Espa\u00f1a pen\u00ednsula, el plazo de entrega es de 24\/72 horas h\u00e1biles a partir de la fecha de recepci\u00f3n del pedido. En otros casos como islas se detallar\u00e1 el tiempo de env\u00edo aproximado. Env\u00edos a resto de Europa se detallar\u00e1 el tiempo de env\u00edo aproximado.<\/p><p>Los pedidos ser\u00e1n enviados directamente desde www.mataran-motocross.com a trav\u00e9s de sus operadores log\u00edsticos.<\/p><p>The calculation of shipping costs will be detailed in the final proforma invoice that will be sent to you, once you send your order online.<\/p><p>In the event that there is no person responsible for receiving the package at the indicated delivery address, a notice will be left with a telephone number that you must call to confirm at what time the merchandise can be delivered. The transport agency will keep your package in its warehouses approximately 5 days before proceeding to return it to our facilities.<\/p><p>Si no recibe su compra en el tiempo estimado deber\u00e1 ponerse en contacto con el Servicio de Atenci\u00f3n al Cliente de www.mataran-motocross.com. Puede escribirnos a <a href=\"mailto:ventas@mataran-motocross.com\">ventas@mataran-motocross.com<\/a>\u00a0o llamar al 0034 645244919. Desde el momento en el que tengamos su notificaci\u00f3n realizaremos las gestiones oportunas para averiguar por qu\u00e9 no lo ha recibido en el tiempo acordado.<\/p><p>Garant\u00eda de transporte: Todos nuestros env\u00edos viajan cubiertos por un seguro del 100% del valor de la mercanc\u00eda. Recuerde que dispone de 24 horas para efectuar la reclamaci\u00f3n si su pedido ha sufrido da\u00f1os originados por el transporte. Si tiene cualquier otra duda no dude en enviarnos un correo electr\u00f3nico a <a href=\"mailto:ventas@mataran-motocross.com\">ventas@mataran-motocross.com<\/a><\/p><h3>Returns<\/h3><p>Si en el pedido recibido encuentra alg\u00fan producto defectuoso debe ponerse en contacto a <a href=\"mailto:ventas@mataran-motocross.com\">ventas@mataran-motocross.com<\/a>\u00a0o llamar al 0034 645244919.<\/p><p>You can return the merchandise to us as long as you communicate your intention within 14 days after receiving the order and as long as you keep your packaging in optimal condition. To do this you must contact us at <a href=\"mailto:ventas@mataran-motocross.com\">ventas@mataran-motocross.com<\/a>, llamar al 0034 645244919 \u00a0o tambi\u00e9n puede utilizar nuestra secci\u00f3n de contacto.<\/p><p>Siempre que la devoluci\u00f3n responda a defectos del producto, Mataran asume los gastos de env\u00edo ocasionados por la devoluci\u00f3n. Usted podr\u00e1 reponerlo por el mismo art\u00edculo.<\/p><p>Si las razones de devoluci\u00f3n son ajenas a Mataran, es decir, si la mercanc\u00eda se encuentra en perfecto estado pero a pesar de ello quiere devolverla, deber\u00e1 mandar el producto en su embalaje original y en perfecto estado, a la direcci\u00f3n que le detallemos. Los gastos ocasionados de la devoluci\u00f3n, NO ser\u00e1n sufragados por www.mataran-motocross.com.<\/p>\t\t\t\t\t\t\t\t<\/div>\n\t\t\t\t<\/div>\n\t\t\t\t\t<\/div>\n\t\t<\/div>\n\t\t\t\t\t<\/div>\n\t\t<\/section>\n\t\t\t\t<\/div>","protected":false},"excerpt":{"rendered":"<p>Condiciones generales de compra Listas de precios En relaci\u00f3n al Impuesto sobre el Valor A\u00f1adido, como regla general se aplicar\u00e1 el tipo impositivo del 21% para el territorio de la Uni\u00f3n Europea donde es aplicable este impuesto. Los precios expuestos en www.mataran-motocross.com podr\u00e1n ser revisados y modificados si las condiciones lo requieren en cualquier momento. [&hellip;]<\/p>\n","protected":false},"author":1,"featured_media":0,"parent":0,"menu_order":0,"comment_status":"closed","ping_status":"closed","template":"","meta":{"site-sidebar-layout":"no-sidebar","site-content-layout":"page-builder","ast-site-content-layout":"default","site-content-style":"default","site-sidebar-style":"default","ast-global-header-display":"","ast-banner-title-visibility":"","ast-main-header-display":"","ast-hfb-above-header-display":"","ast-hfb-below-header-display":"","ast-hfb-mobile-header-display":"","site-post-title":"disabled","ast-breadcrumbs-content":"","ast-featured-img":"disabled","footer-sml-layout":"","ast-disable-related-posts":"","theme-transparent-header-meta":"default","adv-header-id-meta":"","stick-header-meta":"","header-above-stick-meta":"","header-main-stick-meta":"","header-below-stick-meta":"","astra-migrate-meta-layouts":"default","ast-page-background-enabled":"default","ast-page-background-meta":{"desktop":{"background-color":"","background-image":"","background-repeat":"repeat","background-position":"center center","background-size":"auto","background-attachment":"scroll","background-type":"","background-media":"","overlay-type":"","overlay-color":"","overlay-opacity":"","overlay-gradient":""},"tablet":{"background-color":"","background-image":"","background-repeat":"repeat","background-position":"center center","background-size":"auto","background-attachment":"scroll","background-type":"","background-media":"","overlay-type":"","overlay-color":"","overlay-opacity":"","overlay-gradient":""},"mobile":{"background-color":"","background-image":"","background-repeat":"repeat","background-position":"center center","background-size":"auto","background-attachment":"scroll","background-type":"","background-media":"","overlay-type":"","overlay-color":"","overlay-opacity":"","overlay-gradient":""}},"ast-content-background-meta":{"desktop":{"background-color":"var(--ast-global-color-5)","background-image":"","background-repeat":"repeat","background-position":"center center","background-size":"auto","background-attachment":"scroll","background-type":"","background-media":"","overlay-type":"","overlay-color":"","overlay-opacity":"","overlay-gradient":""},"tablet":{"background-color":"var(--ast-global-color-5)","background-image":"","background-repeat":"repeat","background-position":"center center","background-size":"auto","background-attachment":"scroll","background-type":"","background-media":"","overlay-type":"","overlay-color":"","overlay-opacity":"","overlay-gradient":""},"mobile":{"background-color":"var(--ast-global-color-5)","background-image":"","background-repeat":"repeat","background-position":"center center","background-size":"auto","background-attachment":"scroll","background-type":"","background-media":"","overlay-type":"","overlay-color":"","overlay-opacity":"","overlay-gradient":""}},"footnotes":""},"class_list":["post-3718","page","type-page","status-publish","hentry"],"yoast_head":"<!-- This site is optimized with the Yoast SEO plugin v27.5 - https:\/\/yoast.com\/product\/yoast-seo-wordpress\/ -->\n<title>Condiciones generales - Mataran Distribution<\/title>\n<meta name=\"robots\" content=\"index, follow, max-snippet:-1, max-image-preview:large, max-video-preview:-1\" \/>\n<link rel=\"canonical\" href=\"https:\/\/www.mataran-motocross.com\/en\/condiciones-generales\/\" \/>\n<meta property=\"og:locale\" content=\"en_GB\" \/>\n<meta property=\"og:type\" content=\"article\" \/>\n<meta property=\"og:title\" content=\"Condiciones generales - Mataran Distribution\" \/>\n<meta property=\"og:description\" content=\"Condiciones generales de compra Listas de precios En relaci\u00f3n al Impuesto sobre el Valor A\u00f1adido, como regla general se aplicar\u00e1 el tipo impositivo del 21% para el territorio de la Uni\u00f3n Europea donde es aplicable este impuesto. Los precios expuestos en www.mataran-motocross.com podr\u00e1n ser revisados y modificados si las condiciones lo requieren en cualquier momento. [&hellip;]\" \/>\n<meta property=\"og:url\" content=\"https:\/\/www.mataran-motocross.com\/en\/condiciones-generales\/\" \/>\n<meta property=\"og:site_name\" content=\"Mataran Distribution\" \/>\n<meta property=\"article:modified_time\" content=\"2023-02-08T16:40:28+00:00\" \/>\n<meta name=\"twitter:card\" content=\"summary_large_image\" \/>\n<meta name=\"twitter:label1\" content=\"Estimated reading time\" \/>\n\t<meta name=\"twitter:data1\" content=\"5 minutes\" \/>\n<script type=\"application\/ld+json\" class=\"yoast-schema-graph\">{\"@context\":\"https:\\\/\\\/schema.org\",\"@graph\":[{\"@type\":\"WebPage\",\"@id\":\"https:\\\/\\\/www.mataran-motocross.com\\\/condiciones-generales\",\"url\":\"https:\\\/\\\/www.mataran-motocross.com\\\/condiciones-generales\",\"name\":\"Condiciones generales - Mataran Distribution\",\"isPartOf\":{\"@id\":\"https:\\\/\\\/www.mataran-motocross.com\\\/#website\"},\"datePublished\":\"2021-08-06T11:23:09+00:00\",\"dateModified\":\"2023-02-08T16:40:28+00:00\",\"breadcrumb\":{\"@id\":\"https:\\\/\\\/www.mataran-motocross.com\\\/condiciones-generales#breadcrumb\"},\"inLanguage\":\"en-GB\",\"potentialAction\":[{\"@type\":\"ReadAction\",\"target\":[\"https:\\\/\\\/www.mataran-motocross.com\\\/condiciones-generales\"]}]},{\"@type\":\"BreadcrumbList\",\"@id\":\"https:\\\/\\\/www.mataran-motocross.com\\\/condiciones-generales#breadcrumb\",\"itemListElement\":[{\"@type\":\"ListItem\",\"position\":1,\"name\":\"Portada\",\"item\":\"https:\\\/\\\/www.mataran-motocross.com\\\/\"},{\"@type\":\"ListItem\",\"position\":2,\"name\":\"Condiciones generales\"}]},{\"@type\":\"WebSite\",\"@id\":\"https:\\\/\\\/www.mataran-motocross.com\\\/#website\",\"url\":\"https:\\\/\\\/www.mataran-motocross.com\\\/\",\"name\":\"Mataran Distribution\",\"description\":\"Off-Road | Tienda Distribuidor, Accesorios, Recambios, Equipaci\u00f3n...\",\"publisher\":{\"@id\":\"https:\\\/\\\/www.mataran-motocross.com\\\/#organization\"},\"alternateName\":\"Mataran Distribution | Motocross, Enduro, MTB, BMX...\",\"potentialAction\":[{\"@type\":\"SearchAction\",\"target\":{\"@type\":\"EntryPoint\",\"urlTemplate\":\"https:\\\/\\\/www.mataran-motocross.com\\\/?s={search_term_string}\"},\"query-input\":{\"@type\":\"PropertyValueSpecification\",\"valueRequired\":true,\"valueName\":\"search_term_string\"}}],\"inLanguage\":\"en-GB\"},{\"@type\":\"Organization\",\"@id\":\"https:\\\/\\\/www.mataran-motocross.com\\\/#organization\",\"name\":\"Mataran Distribution\",\"alternateName\":\"Mataran Distribution\",\"url\":\"https:\\\/\\\/www.mataran-motocross.com\\\/\",\"logo\":{\"@type\":\"ImageObject\",\"inLanguage\":\"en-GB\",\"@id\":\"https:\\\/\\\/www.mataran-motocross.com\\\/#\\\/schema\\\/logo\\\/image\\\/\",\"url\":\"https:\\\/\\\/i0.wp.com\\\/www.mataran-motocross.com\\\/wp-content\\\/uploads\\\/2023\\\/01\\\/logo_mataran.png?fit=269%2C86&ssl=1\",\"contentUrl\":\"https:\\\/\\\/i0.wp.com\\\/www.mataran-motocross.com\\\/wp-content\\\/uploads\\\/2023\\\/01\\\/logo_mataran.png?fit=269%2C86&ssl=1\",\"width\":269,\"height\":86,\"caption\":\"Mataran Distribution\"},\"image\":{\"@id\":\"https:\\\/\\\/www.mataran-motocross.com\\\/#\\\/schema\\\/logo\\\/image\\\/\"}}]}<\/script>\n<!-- \/ Yoast SEO plugin. -->","yoast_head_json":{"title":"Condiciones generales - Mataran Distribution","robots":{"index":"index","follow":"follow","max-snippet":"max-snippet:-1","max-image-preview":"max-image-preview:large","max-video-preview":"max-video-preview:-1"},"canonical":"https:\/\/www.mataran-motocross.com\/en\/condiciones-generales\/","og_locale":"en_GB","og_type":"article","og_title":"Condiciones generales - Mataran Distribution","og_description":"Condiciones generales de compra Listas de precios En relaci\u00f3n al Impuesto sobre el Valor A\u00f1adido, como regla general se aplicar\u00e1 el tipo impositivo del 21% para el territorio de la Uni\u00f3n Europea donde es aplicable este impuesto. Los precios expuestos en www.mataran-motocross.com podr\u00e1n ser revisados y modificados si las condiciones lo requieren en cualquier momento. [&hellip;]","og_url":"https:\/\/www.mataran-motocross.com\/en\/condiciones-generales\/","og_site_name":"Mataran Distribution","article_modified_time":"2023-02-08T16:40:28+00:00","twitter_card":"summary_large_image","twitter_misc":{"Estimated reading time":"5 minutes"},"schema":{"@context":"https:\/\/schema.org","@graph":[{"@type":"WebPage","@id":"https:\/\/www.mataran-motocross.com\/condiciones-generales","url":"https:\/\/www.mataran-motocross.com\/condiciones-generales","name":"Condiciones generales - Mataran Distribution","isPartOf":{"@id":"https:\/\/www.mataran-motocross.com\/#website"},"datePublished":"2021-08-06T11:23:09+00:00","dateModified":"2023-02-08T16:40:28+00:00","breadcrumb":{"@id":"https:\/\/www.mataran-motocross.com\/condiciones-generales#breadcrumb"},"inLanguage":"en-GB","potentialAction":[{"@type":"ReadAction","target":["https:\/\/www.mataran-motocross.com\/condiciones-generales"]}]},{"@type":"BreadcrumbList","@id":"https:\/\/www.mataran-motocross.com\/condiciones-generales#breadcrumb","itemListElement":[{"@type":"ListItem","position":1,"name":"Portada","item":"https:\/\/www.mataran-motocross.com\/"},{"@type":"ListItem","position":2,"name":"Condiciones generales"}]},{"@type":"WebSite","@id":"https:\/\/www.mataran-motocross.com\/#website","url":"https:\/\/www.mataran-motocross.com\/","name":"Mataran Distribution","description":"Off-Road | Tienda Distribuidor, Accesorios, Recambios, Equipaci\u00f3n...","publisher":{"@id":"https:\/\/www.mataran-motocross.com\/#organization"},"alternateName":"Mataran Distribution | Motocross, Enduro, MTB, BMX...","potentialAction":[{"@type":"SearchAction","target":{"@type":"EntryPoint","urlTemplate":"https:\/\/www.mataran-motocross.com\/?s={search_term_string}"},"query-input":{"@type":"PropertyValueSpecification","valueRequired":true,"valueName":"search_term_string"}}],"inLanguage":"en-GB"},{"@type":"Organization","@id":"https:\/\/www.mataran-motocross.com\/#organization","name":"Mataran Distribution","alternateName":"Mataran Distribution","url":"https:\/\/www.mataran-motocross.com\/","logo":{"@type":"ImageObject","inLanguage":"en-GB","@id":"https:\/\/www.mataran-motocross.com\/#\/schema\/logo\/image\/","url":"https:\/\/i0.wp.com\/www.mataran-motocross.com\/wp-content\/uploads\/2023\/01\/logo_mataran.png?fit=269%2C86&ssl=1","contentUrl":"https:\/\/i0.wp.com\/www.mataran-motocross.com\/wp-content\/uploads\/2023\/01\/logo_mataran.png?fit=269%2C86&ssl=1","width":269,"height":86,"caption":"Mataran Distribution"},"image":{"@id":"https:\/\/www.mataran-motocross.com\/#\/schema\/logo\/image\/"}}]}},"jetpack_sharing_enabled":true,"_links":{"self":[{"href":"https:\/\/www.mataran-motocross.com\/en\/wp-json\/wp\/v2\/pages\/3718","targetHints":{"allow":["GET"]}}],"collection":[{"href":"https:\/\/www.mataran-motocross.com\/en\/wp-json\/wp\/v2\/pages"}],"about":[{"href":"https:\/\/www.mataran-motocross.com\/en\/wp-json\/wp\/v2\/types\/page"}],"author":[{"embeddable":true,"href":"https:\/\/www.mataran-motocross.com\/en\/wp-json\/wp\/v2\/users\/1"}],"replies":[{"embeddable":true,"href":"https:\/\/www.mataran-motocross.com\/en\/wp-json\/wp\/v2\/comments?post=3718"}],"version-history":[{"count":65,"href":"https:\/\/www.mataran-motocross.com\/en\/wp-json\/wp\/v2\/pages\/3718\/revisions"}],"predecessor-version":[{"id":11488,"href":"https:\/\/www.mataran-motocross.com\/en\/wp-json\/wp\/v2\/pages\/3718\/revisions\/11488"}],"wp:attachment":[{"href":"https:\/\/www.mataran-motocross.com\/en\/wp-json\/wp\/v2\/media?parent=3718"}],"curies":[{"name":"wp","href":"https:\/\/api.w.org\/{rel}","templated":true}]}}