{"id":11701,"date":"2023-04-28T14:02:03","date_gmt":"2023-04-28T12:02:03","guid":{"rendered":"https:\/\/www.mataran-motocross.com\/producto\/llantas-honda-cr-crf-e-3"},"modified":"2026-04-16T08:44:10","modified_gmt":"2026-04-16T06:44:10","slug":"llantas-honda-cr-crf-e-3","status":"publish","type":"product","link":"https:\/\/www.mataran-motocross.com\/en\/product\/llantas-honda-cr-crf-e-3","title":{"rendered":"Llantas Honda CR\/CRF\/E <2012"},"content":{"rendered":"<p>Las llantas Excel han sido el punto de referencia para todas las dem\u00e1s marcas de llantas durante las \u00faltimas d\u00e9cadas. Desarrollado espec\u00edficamente para satisfacer las demandas de los pilotos m\u00e1s r\u00e1pidos del mundo, el juego de ruedas Excel Takasago\/Prostuf ofrece una alta calidad y resistencia a un precio muy ajustado.<br \/>\nLos aros Excel Takasago son fabricados en aluminio de la serie 7000, con un l\u00edmite el\u00e1stico un 50 % mayor que el aluminio de la serie 6 de otras marcas, los aros de la serie Excel Takasago son el punto de referencia en tecnolog\u00eda de llantas para motocross, enduro, raid&#8230; <\/p>\n<p>&#8211; Anodizaci\u00f3n ultra resistente y duradera (tratamiento espec\u00edfico)<br \/>\n&#8211; Aros de aluminio Excel Takasago de alta calidad.<br \/>\n&#8211; Bujes de aluminio ultra reforzado 6061-T6<br \/>\n&#8211; Radios ultra reforzados con un grosor de 4 mm<br \/>\n&#8211; Separadores de aluminio anodizado negro 6061-T6<br \/>\n&#8211; Guardapolvos<br \/>\n&#8211; Rodamientos OEM <\/p>\n<p>Nuestras ruedas est\u00e1n ensambladas con rodamientos, guardapolvos y separadores.<br \/>\nLos separadores se entregan en color negro.<br \/>\nSin duda, las llantas Prostuf son un elemento a tener en cuenta para la preparaci\u00f3n de su moto.<\/p>","protected":false},"excerpt":{"rendered":"<p class=\"shortdescription\">Juego de llantas completo<\/p>\n<p>Delantera + trasera Aro negro<\/p>\n<div id=\"ShowPriceDetail\" class=\"\">\n<p class=\"promodiscount\">\n<\/div>","protected":false},"featured_media":11682,"template":"","meta":{"site-sidebar-layout":"default","site-content-layout":"default","ast-site-content-layout":"","site-content-style":"","site-sidebar-style":"","ast-global-header-display":"","ast-banner-title-visibility":"","ast-main-header-display":"","ast-hfb-above-header-display":"","ast-hfb-below-header-display":"","ast-hfb-mobile-header-display":"","site-post-title":"","ast-breadcrumbs-content":"","ast-featured-img":"","footer-sml-layout":"","ast-disable-related-posts":"","theme-transparent-header-meta":"default","adv-header-id-meta":"","stick-header-meta":"","header-above-stick-meta":"","header-main-stick-meta":"","header-below-stick-meta":"","astra-migrate-meta-layouts":"","ast-page-background-enabled":"default","ast-page-background-meta":{"desktop":{"background-color":"","background-image":"","background-repeat":"repeat","background-position":"center center","background-size":"auto","background-attachment":"scroll","background-type":"","background-media":"","overlay-type":"","overlay-color":"","overlay-opacity":"","overlay-gradient":""},"tablet":{"background-color":"","background-image":"","background-repeat":"repeat","background-position":"center center","background-size":"auto","background-attachment":"scroll","background-type":"","background-media":"","overlay-type":"","overlay-color":"","overlay-opacity":"","overlay-gradient":""},"mobile":{"background-color":"","background-image":"","background-repeat":"repeat","background-position":"center center","background-size":"auto","background-attachment":"scroll","background-type":"","background-media":"","overlay-type":"","overlay-color":"","overlay-opacity":"","overlay-gradient":""}},"ast-content-background-meta":{"desktop":{"background-color":"var(--ast-global-color-5)","background-image":"","background-repeat":"repeat","background-position":"center center","background-size":"auto","background-attachment":"scroll","background-type":"","background-media":"","overlay-type":"","overlay-color":"","overlay-opacity":"","overlay-gradient":""},"tablet":{"background-color":"var(--ast-global-color-5)","background-image":"","background-repeat":"repeat","background-position":"center center","background-size":"auto","background-attachment":"scroll","background-type":"","background-media":"","overlay-type":"","overlay-color":"","overlay-opacity":"","overlay-gradient":""},"mobile":{"background-color":"var(--ast-global-color-5)","background-image":"","background-repeat":"repeat","background-position":"center center","background-size":"auto","background-attachment":"scroll","background-type":"","background-media":"","overlay-type":"","overlay-color":"","overlay-opacity":"","overlay-gradient":""}}},"product_brand":[],"product_cat":[346,219],"product_tag":[345,344,363,364,360,362,361,34,338,337,335,334,333,358,359,348,349,347,336,332,357,343,339,355,353,352,342,341,351,350,340,354,356],"class_list":{"0":"post-11701","1":"product","2":"type-product","3":"status-publish","4":"has-post-thumbnail","6":"product_cat-llantas-completas-excel","7":"product_cat-ruedas","8":"product_tag-aro-enduro","9":"product_tag-aro-motocross","10":"product_tag-aros-a60","11":"product_tag-aros-enduro-excel","12":"product_tag-aros-excel","13":"product_tag-aros-takasago","14":"product_tag-aros-takasago-excel","15":"product_tag-handlebar-motocross","16":"product_tag-juego-llantas-enduro","17":"product_tag-juego-llantas-motocross","18":"product_tag-llanta-enduro","19":"product_tag-llanta-motocross","20":"product_tag-llantas-enduro","21":"product_tag-llantas-excel","22":"product_tag-llantas-excel-a60","23":"product_tag-llantas-honda-cr","24":"product_tag-llantas-husqvarna","25":"product_tag-llantas-hva","26":"product_tag-llantas-ktm","27":"product_tag-llantas-motocross","28":"product_tag-llantas-takasago","29":"product_tag-rim-motocross","30":"product_tag-wheel-set-motocross","31":"product_tag-wheels-a60","32":"product_tag-wheels-excel","33":"product_tag-wheels-front-enduro","34":"product_tag-wheels-ktm","35":"product_tag-wheels-set-enduro","36":"product_tag-wheels-set-gasgas","37":"product_tag-wheels-set-hva","38":"product_tag-wheels-set-motocross","39":"product_tag-wheels-takasago","40":"product_tag-wheels-takasago-excel","41":"desktop-align-left","42":"tablet-align-left","43":"mobile-align-left","45":"first","46":"instock","47":"taxable","48":"shipping-taxable","49":"purchasable","50":"product-type-variable","51":"has-default-attributes"},"yoast_head":"<!-- This site is optimized with the Yoast SEO plugin v27.5 - https:\/\/yoast.com\/product\/yoast-seo-wordpress\/ -->\n<title>Llantas Honda CR\/CRF\/E<\/title>\n<meta name=\"robots\" content=\"index, follow, max-snippet:-1, max-image-preview:large, max-video-preview:-1\" \/>\n<link rel=\"canonical\" href=\"https:\/\/www.mataran-motocross.com\/en\/product\/llantas-honda-cr-crf-e-3\/\" \/>\n<meta property=\"og:locale\" content=\"en_GB\" \/>\n<meta property=\"og:type\" content=\"article\" \/>\n<meta property=\"og:title\" content=\"Llantas Honda CR\/CRF\/E\" \/>\n<meta property=\"og:description\" content=\"Juego de llantas completo Delantera + trasera Aro negro\" \/>\n<meta property=\"og:url\" content=\"https:\/\/www.mataran-motocross.com\/en\/product\/llantas-honda-cr-crf-e-3\/\" \/>\n<meta property=\"og:site_name\" content=\"Mataran Distribution\" \/>\n<meta property=\"article:modified_time\" content=\"2026-04-16T06:44:10+00:00\" \/>\n<meta property=\"og:image\" content=\"https:\/\/www.mataran-motocross.com\/wp-content\/uploads\/2023\/04\/LLANTAS-MOTOCROSS-ENDURO-EXCEL-TAKASAGO-HONDA-CR-CRF-GASGAS-EC-MC-BETA-RR-FANTIC-XX.jpg\" \/>\n\t<meta property=\"og:image:width\" content=\"800\" \/>\n\t<meta property=\"og:image:height\" content=\"800\" \/>\n\t<meta property=\"og:image:type\" content=\"image\/jpeg\" \/>\n<meta name=\"twitter:card\" content=\"summary_large_image\" \/>\n<meta name=\"twitter:label1\" content=\"Estimated reading time\" \/>\n\t<meta name=\"twitter:data1\" content=\"1 minute\" \/>\n<script type=\"application\/ld+json\" class=\"yoast-schema-graph\">{\"@context\":\"https:\\\/\\\/schema.org\",\"@graph\":[{\"@type\":\"WebPage\",\"@id\":\"https:\\\/\\\/www.mataran-motocross.com\\\/producto\\\/llantas-honda-cr-crf-e-3\",\"url\":\"https:\\\/\\\/www.mataran-motocross.com\\\/producto\\\/llantas-honda-cr-crf-e-3\",\"name\":\"Llantas Honda CR\\\/CRF\\\/E\",\"isPartOf\":{\"@id\":\"https:\\\/\\\/www.mataran-motocross.com\\\/#website\"},\"primaryImageOfPage\":{\"@id\":\"https:\\\/\\\/www.mataran-motocross.com\\\/producto\\\/llantas-honda-cr-crf-e-3#primaryimage\"},\"image\":{\"@id\":\"https:\\\/\\\/www.mataran-motocross.com\\\/producto\\\/llantas-honda-cr-crf-e-3#primaryimage\"},\"thumbnailUrl\":\"https:\\\/\\\/i0.wp.com\\\/www.mataran-motocross.com\\\/wp-content\\\/uploads\\\/2023\\\/04\\\/LLANTAS-MOTOCROSS-ENDURO-EXCEL-TAKASAGO-HONDA-CR-CRF-GASGAS-EC-MC-BETA-RR-FANTIC-XX.jpg?fit=800%2C800&ssl=1\",\"datePublished\":\"2023-04-28T12:02:03+00:00\",\"dateModified\":\"2026-04-16T06:44:10+00:00\",\"breadcrumb\":{\"@id\":\"https:\\\/\\\/www.mataran-motocross.com\\\/producto\\\/llantas-honda-cr-crf-e-3#breadcrumb\"},\"inLanguage\":\"en-GB\",\"potentialAction\":[{\"@type\":\"ReadAction\",\"target\":[\"https:\\\/\\\/www.mataran-motocross.com\\\/producto\\\/llantas-honda-cr-crf-e-3\"]}]},{\"@type\":\"ImageObject\",\"inLanguage\":\"en-GB\",\"@id\":\"https:\\\/\\\/www.mataran-motocross.com\\\/producto\\\/llantas-honda-cr-crf-e-3#primaryimage\",\"url\":\"https:\\\/\\\/i0.wp.com\\\/www.mataran-motocross.com\\\/wp-content\\\/uploads\\\/2023\\\/04\\\/LLANTAS-MOTOCROSS-ENDURO-EXCEL-TAKASAGO-HONDA-CR-CRF-GASGAS-EC-MC-BETA-RR-FANTIC-XX.jpg?fit=800%2C800&ssl=1\",\"contentUrl\":\"https:\\\/\\\/i0.wp.com\\\/www.mataran-motocross.com\\\/wp-content\\\/uploads\\\/2023\\\/04\\\/LLANTAS-MOTOCROSS-ENDURO-EXCEL-TAKASAGO-HONDA-CR-CRF-GASGAS-EC-MC-BETA-RR-FANTIC-XX.jpg?fit=800%2C800&ssl=1\",\"width\":800,\"height\":800},{\"@type\":\"BreadcrumbList\",\"@id\":\"https:\\\/\\\/www.mataran-motocross.com\\\/producto\\\/llantas-honda-cr-crf-e-3#breadcrumb\",\"itemListElement\":[{\"@type\":\"ListItem\",\"position\":1,\"name\":\"Portada\",\"item\":\"https:\\\/\\\/www.mataran-motocross.com\\\/\"},{\"@type\":\"ListItem\",\"position\":2,\"name\":\"Tienda\",\"item\":\"https:\\\/\\\/www.mataran-motocross.com\\\/tienda\"},{\"@type\":\"ListItem\",\"position\":3,\"name\":\"Llantas Honda CR\\\/CRF\\\/E\"}]},{\"@type\":\"WebSite\",\"@id\":\"https:\\\/\\\/www.mataran-motocross.com\\\/#website\",\"url\":\"https:\\\/\\\/www.mataran-motocross.com\\\/\",\"name\":\"Mataran Distribution\",\"description\":\"Off-Road | Tienda Distribuidor, Accesorios, Recambios, Equipaci\u00f3n...\",\"publisher\":{\"@id\":\"https:\\\/\\\/www.mataran-motocross.com\\\/#organization\"},\"alternateName\":\"Mataran Distribution | Motocross, Enduro, MTB, BMX...\",\"potentialAction\":[{\"@type\":\"SearchAction\",\"target\":{\"@type\":\"EntryPoint\",\"urlTemplate\":\"https:\\\/\\\/www.mataran-motocross.com\\\/?s={search_term_string}\"},\"query-input\":{\"@type\":\"PropertyValueSpecification\",\"valueRequired\":true,\"valueName\":\"search_term_string\"}}],\"inLanguage\":\"en-GB\"},{\"@type\":\"Organization\",\"@id\":\"https:\\\/\\\/www.mataran-motocross.com\\\/#organization\",\"name\":\"Mataran Distribution\",\"alternateName\":\"Mataran Distribution\",\"url\":\"https:\\\/\\\/www.mataran-motocross.com\\\/\",\"logo\":{\"@type\":\"ImageObject\",\"inLanguage\":\"en-GB\",\"@id\":\"https:\\\/\\\/www.mataran-motocross.com\\\/#\\\/schema\\\/logo\\\/image\\\/\",\"url\":\"https:\\\/\\\/i0.wp.com\\\/www.mataran-motocross.com\\\/wp-content\\\/uploads\\\/2023\\\/01\\\/logo_mataran.png?fit=269%2C86&ssl=1\",\"contentUrl\":\"https:\\\/\\\/i0.wp.com\\\/www.mataran-motocross.com\\\/wp-content\\\/uploads\\\/2023\\\/01\\\/logo_mataran.png?fit=269%2C86&ssl=1\",\"width\":269,\"height\":86,\"caption\":\"Mataran Distribution\"},\"image\":{\"@id\":\"https:\\\/\\\/www.mataran-motocross.com\\\/#\\\/schema\\\/logo\\\/image\\\/\"}}]}<\/script>\n<!-- \/ Yoast SEO plugin. -->","yoast_head_json":{"title":"Llantas Honda CR\/CRF\/E","robots":{"index":"index","follow":"follow","max-snippet":"max-snippet:-1","max-image-preview":"max-image-preview:large","max-video-preview":"max-video-preview:-1"},"canonical":"https:\/\/www.mataran-motocross.com\/en\/product\/llantas-honda-cr-crf-e-3\/","og_locale":"en_GB","og_type":"article","og_title":"Llantas Honda CR\/CRF\/E","og_description":"Juego de llantas completo Delantera + trasera Aro negro","og_url":"https:\/\/www.mataran-motocross.com\/en\/product\/llantas-honda-cr-crf-e-3\/","og_site_name":"Mataran Distribution","article_modified_time":"2026-04-16T06:44:10+00:00","og_image":[{"width":800,"height":800,"url":"https:\/\/www.mataran-motocross.com\/wp-content\/uploads\/2023\/04\/LLANTAS-MOTOCROSS-ENDURO-EXCEL-TAKASAGO-HONDA-CR-CRF-GASGAS-EC-MC-BETA-RR-FANTIC-XX.jpg","type":"image\/jpeg"}],"twitter_card":"summary_large_image","twitter_misc":{"Estimated reading time":"1 minute"},"schema":{"@context":"https:\/\/schema.org","@graph":[{"@type":"WebPage","@id":"https:\/\/www.mataran-motocross.com\/producto\/llantas-honda-cr-crf-e-3","url":"https:\/\/www.mataran-motocross.com\/producto\/llantas-honda-cr-crf-e-3","name":"Llantas Honda CR\/CRF\/E","isPartOf":{"@id":"https:\/\/www.mataran-motocross.com\/#website"},"primaryImageOfPage":{"@id":"https:\/\/www.mataran-motocross.com\/producto\/llantas-honda-cr-crf-e-3#primaryimage"},"image":{"@id":"https:\/\/www.mataran-motocross.com\/producto\/llantas-honda-cr-crf-e-3#primaryimage"},"thumbnailUrl":"https:\/\/i0.wp.com\/www.mataran-motocross.com\/wp-content\/uploads\/2023\/04\/LLANTAS-MOTOCROSS-ENDURO-EXCEL-TAKASAGO-HONDA-CR-CRF-GASGAS-EC-MC-BETA-RR-FANTIC-XX.jpg?fit=800%2C800&ssl=1","datePublished":"2023-04-28T12:02:03+00:00","dateModified":"2026-04-16T06:44:10+00:00","breadcrumb":{"@id":"https:\/\/www.mataran-motocross.com\/producto\/llantas-honda-cr-crf-e-3#breadcrumb"},"inLanguage":"en-GB","potentialAction":[{"@type":"ReadAction","target":["https:\/\/www.mataran-motocross.com\/producto\/llantas-honda-cr-crf-e-3"]}]},{"@type":"ImageObject","inLanguage":"en-GB","@id":"https:\/\/www.mataran-motocross.com\/producto\/llantas-honda-cr-crf-e-3#primaryimage","url":"https:\/\/i0.wp.com\/www.mataran-motocross.com\/wp-content\/uploads\/2023\/04\/LLANTAS-MOTOCROSS-ENDURO-EXCEL-TAKASAGO-HONDA-CR-CRF-GASGAS-EC-MC-BETA-RR-FANTIC-XX.jpg?fit=800%2C800&ssl=1","contentUrl":"https:\/\/i0.wp.com\/www.mataran-motocross.com\/wp-content\/uploads\/2023\/04\/LLANTAS-MOTOCROSS-ENDURO-EXCEL-TAKASAGO-HONDA-CR-CRF-GASGAS-EC-MC-BETA-RR-FANTIC-XX.jpg?fit=800%2C800&ssl=1","width":800,"height":800},{"@type":"BreadcrumbList","@id":"https:\/\/www.mataran-motocross.com\/producto\/llantas-honda-cr-crf-e-3#breadcrumb","itemListElement":[{"@type":"ListItem","position":1,"name":"Portada","item":"https:\/\/www.mataran-motocross.com\/"},{"@type":"ListItem","position":2,"name":"Tienda","item":"https:\/\/www.mataran-motocross.com\/tienda"},{"@type":"ListItem","position":3,"name":"Llantas Honda CR\/CRF\/E"}]},{"@type":"WebSite","@id":"https:\/\/www.mataran-motocross.com\/#website","url":"https:\/\/www.mataran-motocross.com\/","name":"Mataran Distribution","description":"Off-Road | Tienda Distribuidor, Accesorios, Recambios, Equipaci\u00f3n...","publisher":{"@id":"https:\/\/www.mataran-motocross.com\/#organization"},"alternateName":"Mataran Distribution | Motocross, Enduro, MTB, BMX...","potentialAction":[{"@type":"SearchAction","target":{"@type":"EntryPoint","urlTemplate":"https:\/\/www.mataran-motocross.com\/?s={search_term_string}"},"query-input":{"@type":"PropertyValueSpecification","valueRequired":true,"valueName":"search_term_string"}}],"inLanguage":"en-GB"},{"@type":"Organization","@id":"https:\/\/www.mataran-motocross.com\/#organization","name":"Mataran Distribution","alternateName":"Mataran Distribution","url":"https:\/\/www.mataran-motocross.com\/","logo":{"@type":"ImageObject","inLanguage":"en-GB","@id":"https:\/\/www.mataran-motocross.com\/#\/schema\/logo\/image\/","url":"https:\/\/i0.wp.com\/www.mataran-motocross.com\/wp-content\/uploads\/2023\/01\/logo_mataran.png?fit=269%2C86&ssl=1","contentUrl":"https:\/\/i0.wp.com\/www.mataran-motocross.com\/wp-content\/uploads\/2023\/01\/logo_mataran.png?fit=269%2C86&ssl=1","width":269,"height":86,"caption":"Mataran Distribution"},"image":{"@id":"https:\/\/www.mataran-motocross.com\/#\/schema\/logo\/image\/"}}]}},"jetpack_sharing_enabled":true,"_links":{"self":[{"href":"https:\/\/www.mataran-motocross.com\/en\/wp-json\/wp\/v2\/product\/11701","targetHints":{"allow":["GET"]}}],"collection":[{"href":"https:\/\/www.mataran-motocross.com\/en\/wp-json\/wp\/v2\/product"}],"about":[{"href":"https:\/\/www.mataran-motocross.com\/en\/wp-json\/wp\/v2\/types\/product"}],"wp:featuredmedia":[{"embeddable":true,"href":"https:\/\/www.mataran-motocross.com\/en\/wp-json\/wp\/v2\/media\/11682"}],"wp:attachment":[{"href":"https:\/\/www.mataran-motocross.com\/en\/wp-json\/wp\/v2\/media?parent=11701"}],"wp:term":[{"taxonomy":"product_brand","embeddable":true,"href":"https:\/\/www.mataran-motocross.com\/en\/wp-json\/wp\/v2\/product_brand?post=11701"},{"taxonomy":"product_cat","embeddable":true,"href":"https:\/\/www.mataran-motocross.com\/en\/wp-json\/wp\/v2\/product_cat?post=11701"},{"taxonomy":"product_tag","embeddable":true,"href":"https:\/\/www.mataran-motocross.com\/en\/wp-json\/wp\/v2\/product_tag?post=11701"}],"curies":[{"name":"wp","href":"https:\/\/api.w.org\/{rel}","templated":true}]}}