{"id":12157,"date":"2023-11-13T14:43:08","date_gmt":"2023-11-13T13:43:08","guid":{"rendered":"https:\/\/www.mataran-motocross.com\/?post_type=product&#038;p=12157"},"modified":"2026-04-08T16:23:30","modified_gmt":"2026-04-08T14:23:30","slug":"guantes-mtr-2-mitty-graffity-special","status":"publish","type":"product","link":"https:\/\/www.mataran-motocross.com\/en\/product\/guantes-mtr-2-mitty-graffity-special","title":{"rendered":"Guantes MTR-2 Mitty GRAFFITY \u201cSPECIAL EDITION\u201d"},"content":{"rendered":"<p>-The upper part is composed of sublimated spandex that offers perfect comfort, breathability and elasticity.<\/p>\n<p>-Palm in synthetic leather material for a soft touch, at the same time offering greater resistance and durability.<\/p>\n<p>-Reinforcement in the inner area of the thumb to avoid wear due to friction with the fist.<\/p>\n<p>-Anti-slip design on 2 fingers and palm for a good grip in all types of conditions.<\/p>\n<p>-Velcro closure, which offers a perfect fit around your wrist.<\/p>","protected":false},"excerpt":{"rendered":"<p>The MTR-2 Mitty glove has a soft touch and perfect grip on the handlebar. Its design is designed to obtain the greatest possible comfort, in addition all gloves are limited so you have a totally exclusive product in its design.<\/p>","protected":false},"featured_media":13675,"template":"","meta":{"site-sidebar-layout":"default","site-content-layout":"default","ast-site-content-layout":"default","site-content-style":"default","site-sidebar-style":"default","ast-global-header-display":"","ast-banner-title-visibility":"","ast-main-header-display":"","ast-hfb-above-header-display":"","ast-hfb-below-header-display":"","ast-hfb-mobile-header-display":"","site-post-title":"","ast-breadcrumbs-content":"","ast-featured-img":"","footer-sml-layout":"","ast-disable-related-posts":"","theme-transparent-header-meta":"default","adv-header-id-meta":"","stick-header-meta":"","header-above-stick-meta":"","header-main-stick-meta":"","header-below-stick-meta":"","astra-migrate-meta-layouts":"set","ast-page-background-enabled":"default","ast-page-background-meta":{"desktop":{"background-color":"","background-image":"","background-repeat":"repeat","background-position":"center center","background-size":"auto","background-attachment":"scroll","background-type":"","background-media":"","overlay-type":"","overlay-color":"","overlay-opacity":"","overlay-gradient":""},"tablet":{"background-color":"","background-image":"","background-repeat":"repeat","background-position":"center center","background-size":"auto","background-attachment":"scroll","background-type":"","background-media":"","overlay-type":"","overlay-color":"","overlay-opacity":"","overlay-gradient":""},"mobile":{"background-color":"","background-image":"","background-repeat":"repeat","background-position":"center center","background-size":"auto","background-attachment":"scroll","background-type":"","background-media":"","overlay-type":"","overlay-color":"","overlay-opacity":"","overlay-gradient":""}},"ast-content-background-meta":{"desktop":{"background-color":"var(--ast-global-color-5)","background-image":"","background-repeat":"repeat","background-position":"center center","background-size":"auto","background-attachment":"scroll","background-type":"","background-media":"","overlay-type":"","overlay-color":"","overlay-opacity":"","overlay-gradient":""},"tablet":{"background-color":"var(--ast-global-color-5)","background-image":"","background-repeat":"repeat","background-position":"center center","background-size":"auto","background-attachment":"scroll","background-type":"","background-media":"","overlay-type":"","overlay-color":"","overlay-opacity":"","overlay-gradient":""},"mobile":{"background-color":"var(--ast-global-color-5)","background-image":"","background-repeat":"repeat","background-position":"center center","background-size":"auto","background-attachment":"scroll","background-type":"","background-media":"","overlay-type":"","overlay-color":"","overlay-opacity":"","overlay-gradient":""}}},"product_brand":[],"product_cat":[117,118,228],"product_tag":[],"class_list":{"0":"post-12157","1":"product","2":"type-product","3":"status-publish","4":"has-post-thumbnail","6":"product_cat-guantes","7":"product_cat-guantes-mitty","8":"product_cat-outlet","9":"pa_talla-l","10":"pa_talla-m","11":"pa_talla-s","12":"pa_talla-xl","13":"pa_talla-xs","14":"desktop-align-left","15":"tablet-align-left","16":"mobile-align-left","18":"first","19":"instock","20":"taxable","21":"shipping-taxable","22":"purchasable","23":"product-type-variable"},"yoast_head":"<!-- This site is optimized with the Yoast SEO plugin v27.5 - https:\/\/yoast.com\/product\/yoast-seo-wordpress\/ -->\n<title>Guantes MTR-2 Mitty GRAFFITY \u201cSPECIAL EDITION\u201d - Mataran Distribution<\/title>\n<meta name=\"robots\" content=\"index, follow, max-snippet:-1, max-image-preview:large, max-video-preview:-1\" \/>\n<link rel=\"canonical\" href=\"https:\/\/www.mataran-motocross.com\/en\/product\/guantes-mtr-2-mitty-graffity-special\/\" \/>\n<meta property=\"og:locale\" content=\"en_GB\" \/>\n<meta property=\"og:type\" content=\"article\" \/>\n<meta property=\"og:title\" content=\"Guantes MTR-2 Mitty GRAFFITY \u201cSPECIAL EDITION\u201d - Mataran Distribution\" \/>\n<meta property=\"og:description\" content=\"El guante MTR-2 Mitty presenta un tacto suave y agarre perfecto al manillar. Su dise\u00f1o esta pensado para obtener la mayor comodidad posible, adem\u00e1s todos los guantes son limitados por lo que cuentas con un producto totalmente exclusivo en su dise\u00f1o.\" \/>\n<meta property=\"og:url\" content=\"https:\/\/www.mataran-motocross.com\/en\/product\/guantes-mtr-2-mitty-graffity-special\/\" \/>\n<meta property=\"og:site_name\" content=\"Mataran Distribution\" \/>\n<meta property=\"article:modified_time\" content=\"2026-04-08T14:23:30+00:00\" \/>\n<meta property=\"og:image\" content=\"https:\/\/www.mataran-motocross.com\/wp-content\/uploads\/2025\/03\/MTR-2-MITTY-GRAFFITY-GLOVES.webp\" \/>\n\t<meta property=\"og:image:width\" content=\"1000\" \/>\n\t<meta property=\"og:image:height\" content=\"1000\" \/>\n\t<meta property=\"og:image:type\" content=\"image\/webp\" \/>\n<meta name=\"twitter:card\" content=\"summary_large_image\" \/>\n<meta name=\"twitter:label1\" content=\"Estimated reading time\" \/>\n\t<meta name=\"twitter:data1\" content=\"1 minute\" \/>\n<script type=\"application\/ld+json\" class=\"yoast-schema-graph\">{\"@context\":\"https:\\\/\\\/schema.org\",\"@graph\":[{\"@type\":\"WebPage\",\"@id\":\"https:\\\/\\\/www.mataran-motocross.com\\\/producto\\\/guantes-mtr-2-mitty-graffity-special\",\"url\":\"https:\\\/\\\/www.mataran-motocross.com\\\/producto\\\/guantes-mtr-2-mitty-graffity-special\",\"name\":\"Guantes MTR-2 Mitty GRAFFITY \u201cSPECIAL EDITION\u201d - Mataran Distribution\",\"isPartOf\":{\"@id\":\"https:\\\/\\\/www.mataran-motocross.com\\\/#website\"},\"primaryImageOfPage\":{\"@id\":\"https:\\\/\\\/www.mataran-motocross.com\\\/producto\\\/guantes-mtr-2-mitty-graffity-special#primaryimage\"},\"image\":{\"@id\":\"https:\\\/\\\/www.mataran-motocross.com\\\/producto\\\/guantes-mtr-2-mitty-graffity-special#primaryimage\"},\"thumbnailUrl\":\"https:\\\/\\\/i0.wp.com\\\/www.mataran-motocross.com\\\/wp-content\\\/uploads\\\/2025\\\/03\\\/MTR-2-MITTY-GRAFFITY-GLOVES.webp?fit=1000%2C1000&ssl=1\",\"datePublished\":\"2023-11-13T13:43:08+00:00\",\"dateModified\":\"2026-04-08T14:23:30+00:00\",\"breadcrumb\":{\"@id\":\"https:\\\/\\\/www.mataran-motocross.com\\\/producto\\\/guantes-mtr-2-mitty-graffity-special#breadcrumb\"},\"inLanguage\":\"en-GB\",\"potentialAction\":[{\"@type\":\"ReadAction\",\"target\":[\"https:\\\/\\\/www.mataran-motocross.com\\\/producto\\\/guantes-mtr-2-mitty-graffity-special\"]}]},{\"@type\":\"ImageObject\",\"inLanguage\":\"en-GB\",\"@id\":\"https:\\\/\\\/www.mataran-motocross.com\\\/producto\\\/guantes-mtr-2-mitty-graffity-special#primaryimage\",\"url\":\"https:\\\/\\\/i0.wp.com\\\/www.mataran-motocross.com\\\/wp-content\\\/uploads\\\/2025\\\/03\\\/MTR-2-MITTY-GRAFFITY-GLOVES.webp?fit=1000%2C1000&ssl=1\",\"contentUrl\":\"https:\\\/\\\/i0.wp.com\\\/www.mataran-motocross.com\\\/wp-content\\\/uploads\\\/2025\\\/03\\\/MTR-2-MITTY-GRAFFITY-GLOVES.webp?fit=1000%2C1000&ssl=1\",\"width\":1000,\"height\":1000},{\"@type\":\"BreadcrumbList\",\"@id\":\"https:\\\/\\\/www.mataran-motocross.com\\\/producto\\\/guantes-mtr-2-mitty-graffity-special#breadcrumb\",\"itemListElement\":[{\"@type\":\"ListItem\",\"position\":1,\"name\":\"Portada\",\"item\":\"https:\\\/\\\/www.mataran-motocross.com\\\/\"},{\"@type\":\"ListItem\",\"position\":2,\"name\":\"Tienda\",\"item\":\"https:\\\/\\\/www.mataran-motocross.com\\\/tienda\"},{\"@type\":\"ListItem\",\"position\":3,\"name\":\"Guantes MTR-2 Mitty GRAFFITY \u201cSPECIAL EDITION\u201d\"}]},{\"@type\":\"WebSite\",\"@id\":\"https:\\\/\\\/www.mataran-motocross.com\\\/#website\",\"url\":\"https:\\\/\\\/www.mataran-motocross.com\\\/\",\"name\":\"Mataran Distribution\",\"description\":\"Off-Road | Tienda Distribuidor, Accesorios, Recambios, Equipaci\u00f3n...\",\"publisher\":{\"@id\":\"https:\\\/\\\/www.mataran-motocross.com\\\/#organization\"},\"alternateName\":\"Mataran Distribution | Motocross, Enduro, MTB, BMX...\",\"potentialAction\":[{\"@type\":\"SearchAction\",\"target\":{\"@type\":\"EntryPoint\",\"urlTemplate\":\"https:\\\/\\\/www.mataran-motocross.com\\\/?s={search_term_string}\"},\"query-input\":{\"@type\":\"PropertyValueSpecification\",\"valueRequired\":true,\"valueName\":\"search_term_string\"}}],\"inLanguage\":\"en-GB\"},{\"@type\":\"Organization\",\"@id\":\"https:\\\/\\\/www.mataran-motocross.com\\\/#organization\",\"name\":\"Mataran Distribution\",\"alternateName\":\"Mataran Distribution\",\"url\":\"https:\\\/\\\/www.mataran-motocross.com\\\/\",\"logo\":{\"@type\":\"ImageObject\",\"inLanguage\":\"en-GB\",\"@id\":\"https:\\\/\\\/www.mataran-motocross.com\\\/#\\\/schema\\\/logo\\\/image\\\/\",\"url\":\"https:\\\/\\\/i0.wp.com\\\/www.mataran-motocross.com\\\/wp-content\\\/uploads\\\/2023\\\/01\\\/logo_mataran.png?fit=269%2C86&ssl=1\",\"contentUrl\":\"https:\\\/\\\/i0.wp.com\\\/www.mataran-motocross.com\\\/wp-content\\\/uploads\\\/2023\\\/01\\\/logo_mataran.png?fit=269%2C86&ssl=1\",\"width\":269,\"height\":86,\"caption\":\"Mataran Distribution\"},\"image\":{\"@id\":\"https:\\\/\\\/www.mataran-motocross.com\\\/#\\\/schema\\\/logo\\\/image\\\/\"}}]}<\/script>\n<!-- \/ Yoast SEO plugin. -->","yoast_head_json":{"title":"Guantes MTR-2 Mitty GRAFFITY \u201cSPECIAL EDITION\u201d - Mataran Distribution","robots":{"index":"index","follow":"follow","max-snippet":"max-snippet:-1","max-image-preview":"max-image-preview:large","max-video-preview":"max-video-preview:-1"},"canonical":"https:\/\/www.mataran-motocross.com\/en\/product\/guantes-mtr-2-mitty-graffity-special\/","og_locale":"en_GB","og_type":"article","og_title":"Guantes MTR-2 Mitty GRAFFITY \u201cSPECIAL EDITION\u201d - Mataran Distribution","og_description":"El guante MTR-2 Mitty presenta un tacto suave y agarre perfecto al manillar. Su dise\u00f1o esta pensado para obtener la mayor comodidad posible, adem\u00e1s todos los guantes son limitados por lo que cuentas con un producto totalmente exclusivo en su dise\u00f1o.","og_url":"https:\/\/www.mataran-motocross.com\/en\/product\/guantes-mtr-2-mitty-graffity-special\/","og_site_name":"Mataran Distribution","article_modified_time":"2026-04-08T14:23:30+00:00","og_image":[{"width":1000,"height":1000,"url":"https:\/\/www.mataran-motocross.com\/wp-content\/uploads\/2025\/03\/MTR-2-MITTY-GRAFFITY-GLOVES.webp","type":"image\/webp"}],"twitter_card":"summary_large_image","twitter_misc":{"Estimated reading time":"1 minute"},"schema":{"@context":"https:\/\/schema.org","@graph":[{"@type":"WebPage","@id":"https:\/\/www.mataran-motocross.com\/producto\/guantes-mtr-2-mitty-graffity-special","url":"https:\/\/www.mataran-motocross.com\/producto\/guantes-mtr-2-mitty-graffity-special","name":"Guantes MTR-2 Mitty GRAFFITY \u201cSPECIAL EDITION\u201d - Mataran Distribution","isPartOf":{"@id":"https:\/\/www.mataran-motocross.com\/#website"},"primaryImageOfPage":{"@id":"https:\/\/www.mataran-motocross.com\/producto\/guantes-mtr-2-mitty-graffity-special#primaryimage"},"image":{"@id":"https:\/\/www.mataran-motocross.com\/producto\/guantes-mtr-2-mitty-graffity-special#primaryimage"},"thumbnailUrl":"https:\/\/i0.wp.com\/www.mataran-motocross.com\/wp-content\/uploads\/2025\/03\/MTR-2-MITTY-GRAFFITY-GLOVES.webp?fit=1000%2C1000&ssl=1","datePublished":"2023-11-13T13:43:08+00:00","dateModified":"2026-04-08T14:23:30+00:00","breadcrumb":{"@id":"https:\/\/www.mataran-motocross.com\/producto\/guantes-mtr-2-mitty-graffity-special#breadcrumb"},"inLanguage":"en-GB","potentialAction":[{"@type":"ReadAction","target":["https:\/\/www.mataran-motocross.com\/producto\/guantes-mtr-2-mitty-graffity-special"]}]},{"@type":"ImageObject","inLanguage":"en-GB","@id":"https:\/\/www.mataran-motocross.com\/producto\/guantes-mtr-2-mitty-graffity-special#primaryimage","url":"https:\/\/i0.wp.com\/www.mataran-motocross.com\/wp-content\/uploads\/2025\/03\/MTR-2-MITTY-GRAFFITY-GLOVES.webp?fit=1000%2C1000&ssl=1","contentUrl":"https:\/\/i0.wp.com\/www.mataran-motocross.com\/wp-content\/uploads\/2025\/03\/MTR-2-MITTY-GRAFFITY-GLOVES.webp?fit=1000%2C1000&ssl=1","width":1000,"height":1000},{"@type":"BreadcrumbList","@id":"https:\/\/www.mataran-motocross.com\/producto\/guantes-mtr-2-mitty-graffity-special#breadcrumb","itemListElement":[{"@type":"ListItem","position":1,"name":"Portada","item":"https:\/\/www.mataran-motocross.com\/"},{"@type":"ListItem","position":2,"name":"Tienda","item":"https:\/\/www.mataran-motocross.com\/tienda"},{"@type":"ListItem","position":3,"name":"Guantes MTR-2 Mitty GRAFFITY \u201cSPECIAL EDITION\u201d"}]},{"@type":"WebSite","@id":"https:\/\/www.mataran-motocross.com\/#website","url":"https:\/\/www.mataran-motocross.com\/","name":"Mataran Distribution","description":"Off-Road | Tienda Distribuidor, Accesorios, Recambios, Equipaci\u00f3n...","publisher":{"@id":"https:\/\/www.mataran-motocross.com\/#organization"},"alternateName":"Mataran Distribution | Motocross, Enduro, MTB, BMX...","potentialAction":[{"@type":"SearchAction","target":{"@type":"EntryPoint","urlTemplate":"https:\/\/www.mataran-motocross.com\/?s={search_term_string}"},"query-input":{"@type":"PropertyValueSpecification","valueRequired":true,"valueName":"search_term_string"}}],"inLanguage":"en-GB"},{"@type":"Organization","@id":"https:\/\/www.mataran-motocross.com\/#organization","name":"Mataran Distribution","alternateName":"Mataran Distribution","url":"https:\/\/www.mataran-motocross.com\/","logo":{"@type":"ImageObject","inLanguage":"en-GB","@id":"https:\/\/www.mataran-motocross.com\/#\/schema\/logo\/image\/","url":"https:\/\/i0.wp.com\/www.mataran-motocross.com\/wp-content\/uploads\/2023\/01\/logo_mataran.png?fit=269%2C86&ssl=1","contentUrl":"https:\/\/i0.wp.com\/www.mataran-motocross.com\/wp-content\/uploads\/2023\/01\/logo_mataran.png?fit=269%2C86&ssl=1","width":269,"height":86,"caption":"Mataran Distribution"},"image":{"@id":"https:\/\/www.mataran-motocross.com\/#\/schema\/logo\/image\/"}}]}},"jetpack_sharing_enabled":true,"_links":{"self":[{"href":"https:\/\/www.mataran-motocross.com\/en\/wp-json\/wp\/v2\/product\/12157","targetHints":{"allow":["GET"]}}],"collection":[{"href":"https:\/\/www.mataran-motocross.com\/en\/wp-json\/wp\/v2\/product"}],"about":[{"href":"https:\/\/www.mataran-motocross.com\/en\/wp-json\/wp\/v2\/types\/product"}],"wp:featuredmedia":[{"embeddable":true,"href":"https:\/\/www.mataran-motocross.com\/en\/wp-json\/wp\/v2\/media\/13675"}],"wp:attachment":[{"href":"https:\/\/www.mataran-motocross.com\/en\/wp-json\/wp\/v2\/media?parent=12157"}],"wp:term":[{"taxonomy":"product_brand","embeddable":true,"href":"https:\/\/www.mataran-motocross.com\/en\/wp-json\/wp\/v2\/product_brand?post=12157"},{"taxonomy":"product_cat","embeddable":true,"href":"https:\/\/www.mataran-motocross.com\/en\/wp-json\/wp\/v2\/product_cat?post=12157"},{"taxonomy":"product_tag","embeddable":true,"href":"https:\/\/www.mataran-motocross.com\/en\/wp-json\/wp\/v2\/product_tag?post=12157"}],"curies":[{"name":"wp","href":"https:\/\/api.w.org\/{rel}","templated":true}]}}