{"id":13227,"date":"2024-12-12T14:56:41","date_gmt":"2024-12-12T13:56:41","guid":{"rendered":"https:\/\/www.mataran-motocross.com\/producto\/kit-tornillos-plastica-yamaha-yz-f-250-450-18-25"},"modified":"2026-02-05T11:01:22","modified_gmt":"2026-02-05T10:01:22","slug":"kit-tornillos-plastica-yamaha-yz-f-250-450-18-25","status":"publish","type":"product","link":"https:\/\/www.mataran-motocross.com\/en\/product\/kit-tornillos-plastica-yamaha-yz-f-250-450-18-25","title":{"rendered":"Kit tornillos pl\u00e1stica Yamaha YZ F 250\/450 18-25"},"content":{"rendered":"","protected":false},"excerpt":{"rendered":"<p>Nuestras cajas de torniller\u00eda de pl\u00e1stica est\u00e1n compuestas por torniller\u00eda\u00a0 de igual calidad a los modelos &#8220;OEM&#8221;.<\/p>\n<p>Estas cajas son ideales para ayudar\u00a0 a reemplazar ese tornillo perdido o reconstruir tu moto con el aspecto de serie &#8220;OEM&#8221;, no puede faltar en tu caja de herramientas o taller.<\/p>\n<p>Este kit incluye piezas para sujetar guardabarros delanteros y traseros, asiento, protectores de horquilla, cubiertas de radiador, placa porta n\u00fameros delantera y laterales.<\/p>\n<p>*Alguna pieza puede no ser compatible con su modelo espec\u00edfico al tratarse de un surtido universal por modelo.<\/p>","protected":false},"featured_media":13233,"template":"","meta":{"site-sidebar-layout":"default","site-content-layout":"default","ast-site-content-layout":"default","site-content-style":"default","site-sidebar-style":"default","ast-global-header-display":"","ast-banner-title-visibility":"","ast-main-header-display":"","ast-hfb-above-header-display":"","ast-hfb-below-header-display":"","ast-hfb-mobile-header-display":"","site-post-title":"","ast-breadcrumbs-content":"","ast-featured-img":"","footer-sml-layout":"","ast-disable-related-posts":"","theme-transparent-header-meta":"default","adv-header-id-meta":"","stick-header-meta":"","header-above-stick-meta":"","header-main-stick-meta":"","header-below-stick-meta":"","astra-migrate-meta-layouts":"set","ast-page-background-enabled":"default","ast-page-background-meta":{"desktop":{"background-color":"","background-image":"","background-repeat":"repeat","background-position":"center center","background-size":"auto","background-attachment":"scroll","background-type":"","background-media":"","overlay-type":"","overlay-color":"","overlay-opacity":"","overlay-gradient":""},"tablet":{"background-color":"","background-image":"","background-repeat":"repeat","background-position":"center center","background-size":"auto","background-attachment":"scroll","background-type":"","background-media":"","overlay-type":"","overlay-color":"","overlay-opacity":"","overlay-gradient":""},"mobile":{"background-color":"","background-image":"","background-repeat":"repeat","background-position":"center center","background-size":"auto","background-attachment":"scroll","background-type":"","background-media":"","overlay-type":"","overlay-color":"","overlay-opacity":"","overlay-gradient":""}},"ast-content-background-meta":{"desktop":{"background-color":"var(--ast-global-color-5)","background-image":"","background-repeat":"repeat","background-position":"center center","background-size":"auto","background-attachment":"scroll","background-type":"","background-media":"","overlay-type":"","overlay-color":"","overlay-opacity":"","overlay-gradient":""},"tablet":{"background-color":"var(--ast-global-color-5)","background-image":"","background-repeat":"repeat","background-position":"center center","background-size":"auto","background-attachment":"scroll","background-type":"","background-media":"","overlay-type":"","overlay-color":"","overlay-opacity":"","overlay-gradient":""},"mobile":{"background-color":"var(--ast-global-color-5)","background-image":"","background-repeat":"repeat","background-position":"center center","background-size":"auto","background-attachment":"scroll","background-type":"","background-media":"","overlay-type":"","overlay-color":"","overlay-opacity":"","overlay-gradient":""}}},"product_brand":[],"product_cat":[103],"product_tag":[],"class_list":{"0":"post-13227","1":"product","2":"type-product","3":"status-publish","4":"has-post-thumbnail","6":"product_cat-tornilleria","7":"desktop-align-left","8":"tablet-align-left","9":"mobile-align-left","11":"first","12":"instock","13":"taxable","14":"shipping-taxable","15":"purchasable","16":"product-type-simple"},"yoast_head":"<!-- This site is optimized with the Yoast SEO plugin v27.5 - https:\/\/yoast.com\/product\/yoast-seo-wordpress\/ -->\n<title>Kit tornillos pl\u00e1stica Yamaha YZ F 250\/450 18-25 - Mataran Distribution<\/title>\n<meta name=\"robots\" content=\"index, follow, max-snippet:-1, max-image-preview:large, max-video-preview:-1\" \/>\n<link rel=\"canonical\" href=\"https:\/\/www.mataran-motocross.com\/en\/product\/kit-tornillos-plastica-yamaha-yz-f-250-450-18-25\/\" \/>\n<meta property=\"og:locale\" content=\"en_GB\" \/>\n<meta property=\"og:type\" content=\"article\" \/>\n<meta property=\"og:title\" content=\"Kit tornillos pl\u00e1stica Yamaha YZ F 250\/450 18-25 - Mataran Distribution\" \/>\n<meta property=\"og:description\" content=\"Nuestras cajas de torniller\u00eda de pl\u00e1stica est\u00e1n compuestas por torniller\u00eda\u00a0 de igual calidad a los modelos &quot;OEM&quot;.  Estas cajas son ideales para ayudar\u00a0 a reemplazar ese tornillo perdido o reconstruir tu moto con el aspecto de serie &quot;OEM&quot;, no puede faltar en tu caja de herramientas o taller.  Este kit incluye piezas para sujetar guardabarros delanteros y traseros, asiento, protectores de horquilla, cubiertas de radiador, placa porta n\u00fameros delantera y laterales.  *Alguna pieza puede no ser compatible con su modelo espec\u00edfico al tratarse de un surtido universal por modelo.\" \/>\n<meta property=\"og:url\" content=\"https:\/\/www.mataran-motocross.com\/en\/product\/kit-tornillos-plastica-yamaha-yz-f-250-450-18-25\/\" \/>\n<meta property=\"og:site_name\" content=\"Mataran Distribution\" \/>\n<meta property=\"article:modified_time\" content=\"2026-02-05T10:01:22+00:00\" \/>\n<meta property=\"og:image\" content=\"https:\/\/www.mataran-motocross.com\/wp-content\/uploads\/2024\/12\/BODY-WORK-PLASTICS-FASTENERS-BOLTS.webp\" \/>\n\t<meta property=\"og:image:width\" content=\"1000\" \/>\n\t<meta property=\"og:image:height\" content=\"1000\" \/>\n\t<meta property=\"og:image:type\" content=\"image\/webp\" \/>\n<meta name=\"twitter:card\" content=\"summary_large_image\" \/>\n<meta name=\"twitter:label1\" content=\"Estimated reading time\" \/>\n\t<meta name=\"twitter:data1\" content=\"1 minute\" \/>\n<script type=\"application\/ld+json\" class=\"yoast-schema-graph\">{\"@context\":\"https:\\\/\\\/schema.org\",\"@graph\":[{\"@type\":\"WebPage\",\"@id\":\"https:\\\/\\\/www.mataran-motocross.com\\\/producto\\\/kit-tornillos-plastica-yamaha-yz-f-250-450-18-25\",\"url\":\"https:\\\/\\\/www.mataran-motocross.com\\\/producto\\\/kit-tornillos-plastica-yamaha-yz-f-250-450-18-25\",\"name\":\"Kit tornillos pl\u00e1stica Yamaha YZ F 250\\\/450 18-25 - Mataran Distribution\",\"isPartOf\":{\"@id\":\"https:\\\/\\\/www.mataran-motocross.com\\\/#website\"},\"primaryImageOfPage\":{\"@id\":\"https:\\\/\\\/www.mataran-motocross.com\\\/producto\\\/kit-tornillos-plastica-yamaha-yz-f-250-450-18-25#primaryimage\"},\"image\":{\"@id\":\"https:\\\/\\\/www.mataran-motocross.com\\\/producto\\\/kit-tornillos-plastica-yamaha-yz-f-250-450-18-25#primaryimage\"},\"thumbnailUrl\":\"https:\\\/\\\/i0.wp.com\\\/www.mataran-motocross.com\\\/wp-content\\\/uploads\\\/2024\\\/12\\\/BODY-WORK-PLASTICS-FASTENERS-BOLTS.webp?fit=1000%2C1000&ssl=1\",\"datePublished\":\"2024-12-12T13:56:41+00:00\",\"dateModified\":\"2026-02-05T10:01:22+00:00\",\"breadcrumb\":{\"@id\":\"https:\\\/\\\/www.mataran-motocross.com\\\/producto\\\/kit-tornillos-plastica-yamaha-yz-f-250-450-18-25#breadcrumb\"},\"inLanguage\":\"en-GB\",\"potentialAction\":[{\"@type\":\"ReadAction\",\"target\":[\"https:\\\/\\\/www.mataran-motocross.com\\\/producto\\\/kit-tornillos-plastica-yamaha-yz-f-250-450-18-25\"]}]},{\"@type\":\"ImageObject\",\"inLanguage\":\"en-GB\",\"@id\":\"https:\\\/\\\/www.mataran-motocross.com\\\/producto\\\/kit-tornillos-plastica-yamaha-yz-f-250-450-18-25#primaryimage\",\"url\":\"https:\\\/\\\/i0.wp.com\\\/www.mataran-motocross.com\\\/wp-content\\\/uploads\\\/2024\\\/12\\\/BODY-WORK-PLASTICS-FASTENERS-BOLTS.webp?fit=1000%2C1000&ssl=1\",\"contentUrl\":\"https:\\\/\\\/i0.wp.com\\\/www.mataran-motocross.com\\\/wp-content\\\/uploads\\\/2024\\\/12\\\/BODY-WORK-PLASTICS-FASTENERS-BOLTS.webp?fit=1000%2C1000&ssl=1\",\"width\":1000,\"height\":1000},{\"@type\":\"BreadcrumbList\",\"@id\":\"https:\\\/\\\/www.mataran-motocross.com\\\/producto\\\/kit-tornillos-plastica-yamaha-yz-f-250-450-18-25#breadcrumb\",\"itemListElement\":[{\"@type\":\"ListItem\",\"position\":1,\"name\":\"Portada\",\"item\":\"https:\\\/\\\/www.mataran-motocross.com\\\/\"},{\"@type\":\"ListItem\",\"position\":2,\"name\":\"Tienda\",\"item\":\"https:\\\/\\\/www.mataran-motocross.com\\\/tienda\"},{\"@type\":\"ListItem\",\"position\":3,\"name\":\"Kit tornillos pl\u00e1stica Yamaha YZ F 250\\\/450 18-25\"}]},{\"@type\":\"WebSite\",\"@id\":\"https:\\\/\\\/www.mataran-motocross.com\\\/#website\",\"url\":\"https:\\\/\\\/www.mataran-motocross.com\\\/\",\"name\":\"Mataran Distribution\",\"description\":\"Off-Road | Tienda Distribuidor, Accesorios, Recambios, Equipaci\u00f3n...\",\"publisher\":{\"@id\":\"https:\\\/\\\/www.mataran-motocross.com\\\/#organization\"},\"alternateName\":\"Mataran Distribution | Motocross, Enduro, MTB, BMX...\",\"potentialAction\":[{\"@type\":\"SearchAction\",\"target\":{\"@type\":\"EntryPoint\",\"urlTemplate\":\"https:\\\/\\\/www.mataran-motocross.com\\\/?s={search_term_string}\"},\"query-input\":{\"@type\":\"PropertyValueSpecification\",\"valueRequired\":true,\"valueName\":\"search_term_string\"}}],\"inLanguage\":\"en-GB\"},{\"@type\":\"Organization\",\"@id\":\"https:\\\/\\\/www.mataran-motocross.com\\\/#organization\",\"name\":\"Mataran Distribution\",\"alternateName\":\"Mataran Distribution\",\"url\":\"https:\\\/\\\/www.mataran-motocross.com\\\/\",\"logo\":{\"@type\":\"ImageObject\",\"inLanguage\":\"en-GB\",\"@id\":\"https:\\\/\\\/www.mataran-motocross.com\\\/#\\\/schema\\\/logo\\\/image\\\/\",\"url\":\"https:\\\/\\\/i0.wp.com\\\/www.mataran-motocross.com\\\/wp-content\\\/uploads\\\/2023\\\/01\\\/logo_mataran.png?fit=269%2C86&ssl=1\",\"contentUrl\":\"https:\\\/\\\/i0.wp.com\\\/www.mataran-motocross.com\\\/wp-content\\\/uploads\\\/2023\\\/01\\\/logo_mataran.png?fit=269%2C86&ssl=1\",\"width\":269,\"height\":86,\"caption\":\"Mataran Distribution\"},\"image\":{\"@id\":\"https:\\\/\\\/www.mataran-motocross.com\\\/#\\\/schema\\\/logo\\\/image\\\/\"}}]}<\/script>\n<!-- \/ Yoast SEO plugin. -->","yoast_head_json":{"title":"Kit tornillos pl\u00e1stica Yamaha YZ F 250\/450 18-25 - Mataran Distribution","robots":{"index":"index","follow":"follow","max-snippet":"max-snippet:-1","max-image-preview":"max-image-preview:large","max-video-preview":"max-video-preview:-1"},"canonical":"https:\/\/www.mataran-motocross.com\/en\/product\/kit-tornillos-plastica-yamaha-yz-f-250-450-18-25\/","og_locale":"en_GB","og_type":"article","og_title":"Kit tornillos pl\u00e1stica Yamaha YZ F 250\/450 18-25 - Mataran Distribution","og_description":"Nuestras cajas de torniller\u00eda de pl\u00e1stica est\u00e1n compuestas por torniller\u00eda\u00a0 de igual calidad a los modelos \"OEM\".  Estas cajas son ideales para ayudar\u00a0 a reemplazar ese tornillo perdido o reconstruir tu moto con el aspecto de serie \"OEM\", no puede faltar en tu caja de herramientas o taller.  Este kit incluye piezas para sujetar guardabarros delanteros y traseros, asiento, protectores de horquilla, cubiertas de radiador, placa porta n\u00fameros delantera y laterales.  *Alguna pieza puede no ser compatible con su modelo espec\u00edfico al tratarse de un surtido universal por modelo.","og_url":"https:\/\/www.mataran-motocross.com\/en\/product\/kit-tornillos-plastica-yamaha-yz-f-250-450-18-25\/","og_site_name":"Mataran Distribution","article_modified_time":"2026-02-05T10:01:22+00:00","og_image":[{"width":1000,"height":1000,"url":"https:\/\/www.mataran-motocross.com\/wp-content\/uploads\/2024\/12\/BODY-WORK-PLASTICS-FASTENERS-BOLTS.webp","type":"image\/webp"}],"twitter_card":"summary_large_image","twitter_misc":{"Estimated reading time":"1 minute"},"schema":{"@context":"https:\/\/schema.org","@graph":[{"@type":"WebPage","@id":"https:\/\/www.mataran-motocross.com\/producto\/kit-tornillos-plastica-yamaha-yz-f-250-450-18-25","url":"https:\/\/www.mataran-motocross.com\/producto\/kit-tornillos-plastica-yamaha-yz-f-250-450-18-25","name":"Kit tornillos pl\u00e1stica Yamaha YZ F 250\/450 18-25 - Mataran Distribution","isPartOf":{"@id":"https:\/\/www.mataran-motocross.com\/#website"},"primaryImageOfPage":{"@id":"https:\/\/www.mataran-motocross.com\/producto\/kit-tornillos-plastica-yamaha-yz-f-250-450-18-25#primaryimage"},"image":{"@id":"https:\/\/www.mataran-motocross.com\/producto\/kit-tornillos-plastica-yamaha-yz-f-250-450-18-25#primaryimage"},"thumbnailUrl":"https:\/\/i0.wp.com\/www.mataran-motocross.com\/wp-content\/uploads\/2024\/12\/BODY-WORK-PLASTICS-FASTENERS-BOLTS.webp?fit=1000%2C1000&ssl=1","datePublished":"2024-12-12T13:56:41+00:00","dateModified":"2026-02-05T10:01:22+00:00","breadcrumb":{"@id":"https:\/\/www.mataran-motocross.com\/producto\/kit-tornillos-plastica-yamaha-yz-f-250-450-18-25#breadcrumb"},"inLanguage":"en-GB","potentialAction":[{"@type":"ReadAction","target":["https:\/\/www.mataran-motocross.com\/producto\/kit-tornillos-plastica-yamaha-yz-f-250-450-18-25"]}]},{"@type":"ImageObject","inLanguage":"en-GB","@id":"https:\/\/www.mataran-motocross.com\/producto\/kit-tornillos-plastica-yamaha-yz-f-250-450-18-25#primaryimage","url":"https:\/\/i0.wp.com\/www.mataran-motocross.com\/wp-content\/uploads\/2024\/12\/BODY-WORK-PLASTICS-FASTENERS-BOLTS.webp?fit=1000%2C1000&ssl=1","contentUrl":"https:\/\/i0.wp.com\/www.mataran-motocross.com\/wp-content\/uploads\/2024\/12\/BODY-WORK-PLASTICS-FASTENERS-BOLTS.webp?fit=1000%2C1000&ssl=1","width":1000,"height":1000},{"@type":"BreadcrumbList","@id":"https:\/\/www.mataran-motocross.com\/producto\/kit-tornillos-plastica-yamaha-yz-f-250-450-18-25#breadcrumb","itemListElement":[{"@type":"ListItem","position":1,"name":"Portada","item":"https:\/\/www.mataran-motocross.com\/"},{"@type":"ListItem","position":2,"name":"Tienda","item":"https:\/\/www.mataran-motocross.com\/tienda"},{"@type":"ListItem","position":3,"name":"Kit tornillos pl\u00e1stica Yamaha YZ F 250\/450 18-25"}]},{"@type":"WebSite","@id":"https:\/\/www.mataran-motocross.com\/#website","url":"https:\/\/www.mataran-motocross.com\/","name":"Mataran Distribution","description":"Off-Road | Tienda Distribuidor, Accesorios, Recambios, Equipaci\u00f3n...","publisher":{"@id":"https:\/\/www.mataran-motocross.com\/#organization"},"alternateName":"Mataran Distribution | Motocross, Enduro, MTB, BMX...","potentialAction":[{"@type":"SearchAction","target":{"@type":"EntryPoint","urlTemplate":"https:\/\/www.mataran-motocross.com\/?s={search_term_string}"},"query-input":{"@type":"PropertyValueSpecification","valueRequired":true,"valueName":"search_term_string"}}],"inLanguage":"en-GB"},{"@type":"Organization","@id":"https:\/\/www.mataran-motocross.com\/#organization","name":"Mataran Distribution","alternateName":"Mataran Distribution","url":"https:\/\/www.mataran-motocross.com\/","logo":{"@type":"ImageObject","inLanguage":"en-GB","@id":"https:\/\/www.mataran-motocross.com\/#\/schema\/logo\/image\/","url":"https:\/\/i0.wp.com\/www.mataran-motocross.com\/wp-content\/uploads\/2023\/01\/logo_mataran.png?fit=269%2C86&ssl=1","contentUrl":"https:\/\/i0.wp.com\/www.mataran-motocross.com\/wp-content\/uploads\/2023\/01\/logo_mataran.png?fit=269%2C86&ssl=1","width":269,"height":86,"caption":"Mataran Distribution"},"image":{"@id":"https:\/\/www.mataran-motocross.com\/#\/schema\/logo\/image\/"}}]}},"jetpack_sharing_enabled":true,"_links":{"self":[{"href":"https:\/\/www.mataran-motocross.com\/en\/wp-json\/wp\/v2\/product\/13227","targetHints":{"allow":["GET"]}}],"collection":[{"href":"https:\/\/www.mataran-motocross.com\/en\/wp-json\/wp\/v2\/product"}],"about":[{"href":"https:\/\/www.mataran-motocross.com\/en\/wp-json\/wp\/v2\/types\/product"}],"wp:featuredmedia":[{"embeddable":true,"href":"https:\/\/www.mataran-motocross.com\/en\/wp-json\/wp\/v2\/media\/13233"}],"wp:attachment":[{"href":"https:\/\/www.mataran-motocross.com\/en\/wp-json\/wp\/v2\/media?parent=13227"}],"wp:term":[{"taxonomy":"product_brand","embeddable":true,"href":"https:\/\/www.mataran-motocross.com\/en\/wp-json\/wp\/v2\/product_brand?post=13227"},{"taxonomy":"product_cat","embeddable":true,"href":"https:\/\/www.mataran-motocross.com\/en\/wp-json\/wp\/v2\/product_cat?post=13227"},{"taxonomy":"product_tag","embeddable":true,"href":"https:\/\/www.mataran-motocross.com\/en\/wp-json\/wp\/v2\/product_tag?post=13227"}],"curies":[{"name":"wp","href":"https:\/\/api.w.org\/{rel}","templated":true}]}}