{"id":13861,"date":"2025-06-09T12:01:37","date_gmt":"2025-06-09T10:01:37","guid":{"rendered":"https:\/\/www.mataran-motocross.com\/?post_type=product&#038;p=13861"},"modified":"2026-04-20T11:26:49","modified_gmt":"2026-04-20T09:26:49","slug":"punos-lock-on-race-doble-compuesto-negro-half-waffle","status":"publish","type":"product","link":"https:\/\/www.mataran-motocross.com\/en\/product\/punos-lock-on-race-doble-compuesto-negro-half-waffle","title":{"rendered":"Pu\u00f1os Lock-On Race doble compuesto Negro &#8220;Half-Waffle&#8221;"},"content":{"rendered":"<p><strong>Modelos compatibles<\/strong><\/p>\n<p>C \u2013 Yamaha YZ 125\/250 2T 1997-2025 Fantic XX 125\/250 2021-2025<\/p>\n<p>B \u2013 Honda CRF 250\/450 2002-2025 Honda CRFX 250\/450 2004-2025<\/p>\n<p>K- Kawasaki KXF 250 2004-2025 Kawasaki KXF 450 2006-2025<br \/>\nSuzuki RMZ 250 2004-2025 Suzuki RMZ 450 2005-2025<br \/>\nYamaha YZ F 250\/400\/450 1998-2025<\/p>\n<p>KH-790D2 \u2013 KTM SXF 250\/350\/450 2016-2025<br \/>\nHusqvarna FC\/FE 250\/350\/450 2016-2025<br \/>\nGasGas MC\/EC 250\/450 2021-2025<\/p>\n<p>KH-504 \u2013 KTM SX-EXC 85\/105\/125\/150\/250\/300 2017-2025<br \/>\nHusqvarna TC\/TE 125\/150\/250\/300 2014-2025 TC 85 2017-2025<br \/>\nGASGAS EC\/MC 85\/125\/250 2021-2025<\/p>","protected":false},"excerpt":{"rendered":"<p>Los pu\u00f1os MTR2 Race Lock-On cuentan con una doble densidad de caucho, dos compuestos que aseguran un mayor agarre, resistencia y comodidad al pilotar. El compuesto de superficie proporciona tracci\u00f3n y comodidad con una densidad m\u00e1s blanda, mientras que el n\u00facleo interior y los laterales est\u00e1n compuestos por un material de mayor dureza, ofreciendo as\u00ed mayor resistencia en caso de ca\u00edda.<\/p>\n<p>Dibujo en forma de diamante sobredimensionado el cual ofrece un tacto de mayor comodidad sin perder adherencia.<\/p>\n<p>Su di\u00e1metro ha sido estudiado para ofrecer un agarre perfecto de la mano al manillar y evitar la fatiga de antebrazos.<\/p>\n<p>Sistema Lock-On de instalaci\u00f3n r\u00e1pida al manillar mediante tornillo, el Kit incluye 5 levas de acelerador para diferente modelos. Vea abajo los modelos compatibles. (Opciones levas A y D se pueden comprar por separado).<\/p>","protected":false},"featured_media":13885,"template":"","meta":{"site-sidebar-layout":"default","site-content-layout":"default","ast-site-content-layout":"default","site-content-style":"default","site-sidebar-style":"default","ast-global-header-display":"","ast-banner-title-visibility":"","ast-main-header-display":"","ast-hfb-above-header-display":"","ast-hfb-below-header-display":"","ast-hfb-mobile-header-display":"","site-post-title":"","ast-breadcrumbs-content":"","ast-featured-img":"","footer-sml-layout":"","ast-disable-related-posts":"","theme-transparent-header-meta":"default","adv-header-id-meta":"","stick-header-meta":"","header-above-stick-meta":"","header-main-stick-meta":"","header-below-stick-meta":"","astra-migrate-meta-layouts":"set","ast-page-background-enabled":"default","ast-page-background-meta":{"desktop":{"background-color":"","background-image":"","background-repeat":"repeat","background-position":"center center","background-size":"auto","background-attachment":"scroll","background-type":"","background-media":"","overlay-type":"","overlay-color":"","overlay-opacity":"","overlay-gradient":""},"tablet":{"background-color":"","background-image":"","background-repeat":"repeat","background-position":"center center","background-size":"auto","background-attachment":"scroll","background-type":"","background-media":"","overlay-type":"","overlay-color":"","overlay-opacity":"","overlay-gradient":""},"mobile":{"background-color":"","background-image":"","background-repeat":"repeat","background-position":"center center","background-size":"auto","background-attachment":"scroll","background-type":"","background-media":"","overlay-type":"","overlay-color":"","overlay-opacity":"","overlay-gradient":""}},"ast-content-background-meta":{"desktop":{"background-color":"var(--ast-global-color-5)","background-image":"","background-repeat":"repeat","background-position":"center center","background-size":"auto","background-attachment":"scroll","background-type":"","background-media":"","overlay-type":"","overlay-color":"","overlay-opacity":"","overlay-gradient":""},"tablet":{"background-color":"var(--ast-global-color-5)","background-image":"","background-repeat":"repeat","background-position":"center center","background-size":"auto","background-attachment":"scroll","background-type":"","background-media":"","overlay-type":"","overlay-color":"","overlay-opacity":"","overlay-gradient":""},"mobile":{"background-color":"var(--ast-global-color-5)","background-image":"","background-repeat":"repeat","background-position":"center center","background-size":"auto","background-attachment":"scroll","background-type":"","background-media":"","overlay-type":"","overlay-color":"","overlay-opacity":"","overlay-gradient":""}}},"product_brand":[],"product_cat":[211],"product_tag":[1105,1115,1117,1104,1116,1114,1110,1108,1118,1109,1121,1111,1113,1112,1107,1119,1106,1120],"class_list":{"0":"post-13861","1":"product","2":"type-product","3":"status-publish","4":"has-post-thumbnail","6":"product_cat-punos-doble-compuesto","7":"product_tag-grips-ktm-odi","8":"product_tag-grips-motocross","9":"product_tag-grips-neken","10":"product_tag-grips-odi","11":"product_tag-grips-protper","12":"product_tag-lock-on-grips","13":"product_tag-lock-on-odi","14":"product_tag-lock-on-punos","15":"product_tag-lock-on-punos-ktm","16":"product_tag-lock-on-punos-motocross","17":"product_tag-lock-on-punos-mtr2","18":"product_tag-lock-on-punos-odi","19":"product_tag-lock-on-punos-protaper","20":"product_tag-lock-on-punos-renthal","21":"product_tag-punos-enduro","22":"product_tag-punos-moto","23":"product_tag-punos-motocross","24":"product_tag-punos-renthal","25":"desktop-align-left","26":"tablet-align-left","27":"mobile-align-left","29":"first","30":"instock","31":"taxable","32":"shipping-taxable","33":"purchasable","34":"product-type-simple"},"yoast_head":"<!-- This site is optimized with the Yoast SEO plugin v27.5 - https:\/\/yoast.com\/product\/yoast-seo-wordpress\/ -->\n<title>Pu\u00f1os motocross STD Compuesto simple - Mataran Distribution<\/title>\n<meta name=\"description\" content=\"Pu\u00f1os para motocross o enduro, gran variedad de modelos y diferentes compuestos disponibles. Pu\u00f1os cl\u00e1sicos o con cierre Lock-On.\" \/>\n<meta name=\"robots\" content=\"index, follow, max-snippet:-1, max-image-preview:large, max-video-preview:-1\" \/>\n<link rel=\"canonical\" href=\"https:\/\/www.mataran-motocross.com\/en\/product\/punos-lock-on-race-doble-compuesto-negro-half-waffle\/\" \/>\n<meta property=\"og:locale\" content=\"en_GB\" \/>\n<meta property=\"og:type\" content=\"article\" \/>\n<meta property=\"og:title\" content=\"Pu\u00f1os motocross STD Compuesto simple - Mataran Distribution\" \/>\n<meta property=\"og:description\" content=\"Pu\u00f1os para motocross o enduro, gran variedad de modelos y diferentes compuestos disponibles. Pu\u00f1os cl\u00e1sicos o con cierre Lock-On.\" \/>\n<meta property=\"og:url\" content=\"https:\/\/www.mataran-motocross.com\/en\/product\/punos-lock-on-race-doble-compuesto-negro-half-waffle\/\" \/>\n<meta property=\"og:site_name\" content=\"Mataran Distribution\" \/>\n<meta property=\"article:modified_time\" content=\"2026-04-20T09:26:49+00:00\" \/>\n<meta property=\"og:image\" content=\"https:\/\/www.mataran-motocross.com\/wp-content\/uploads\/2025\/06\/GRIPS-RACE-LOCK-ON-SINGLE-COMPOUND-BLACK-Half-waffle-MOTOCROSS-ENDURO-Half-waffle-MTR-2-8001209.webp\" \/>\n\t<meta property=\"og:image:width\" content=\"1000\" \/>\n\t<meta property=\"og:image:height\" content=\"1000\" \/>\n\t<meta property=\"og:image:type\" content=\"image\/webp\" \/>\n<meta name=\"twitter:card\" content=\"summary_large_image\" \/>\n<meta name=\"twitter:label1\" content=\"Estimated reading time\" \/>\n\t<meta name=\"twitter:data1\" content=\"1 minute\" \/>\n<script type=\"application\/ld+json\" class=\"yoast-schema-graph\">{\"@context\":\"https:\\\/\\\/schema.org\",\"@graph\":[{\"@type\":\"WebPage\",\"@id\":\"https:\\\/\\\/www.mataran-motocross.com\\\/producto\\\/punos-lock-on-race-doble-compuesto-negro-half-waffle\",\"url\":\"https:\\\/\\\/www.mataran-motocross.com\\\/producto\\\/punos-lock-on-race-doble-compuesto-negro-half-waffle\",\"name\":\"Pu\u00f1os motocross STD Compuesto simple - Mataran Distribution\",\"isPartOf\":{\"@id\":\"https:\\\/\\\/www.mataran-motocross.com\\\/#website\"},\"primaryImageOfPage\":{\"@id\":\"https:\\\/\\\/www.mataran-motocross.com\\\/producto\\\/punos-lock-on-race-doble-compuesto-negro-half-waffle#primaryimage\"},\"image\":{\"@id\":\"https:\\\/\\\/www.mataran-motocross.com\\\/producto\\\/punos-lock-on-race-doble-compuesto-negro-half-waffle#primaryimage\"},\"thumbnailUrl\":\"https:\\\/\\\/i0.wp.com\\\/www.mataran-motocross.com\\\/wp-content\\\/uploads\\\/2025\\\/06\\\/GRIPS-RACE-LOCK-ON-SINGLE-COMPOUND-BLACK-Half-waffle-MOTOCROSS-ENDURO-Half-waffle-MTR-2-8001209.webp?fit=1000%2C1000&ssl=1\",\"datePublished\":\"2025-06-09T10:01:37+00:00\",\"dateModified\":\"2026-04-20T09:26:49+00:00\",\"description\":\"Pu\u00f1os para motocross o enduro, gran variedad de modelos y diferentes compuestos disponibles. Pu\u00f1os cl\u00e1sicos o con cierre Lock-On.\",\"breadcrumb\":{\"@id\":\"https:\\\/\\\/www.mataran-motocross.com\\\/producto\\\/punos-lock-on-race-doble-compuesto-negro-half-waffle#breadcrumb\"},\"inLanguage\":\"en-GB\",\"potentialAction\":[{\"@type\":\"ReadAction\",\"target\":[\"https:\\\/\\\/www.mataran-motocross.com\\\/producto\\\/punos-lock-on-race-doble-compuesto-negro-half-waffle\"]}]},{\"@type\":\"ImageObject\",\"inLanguage\":\"en-GB\",\"@id\":\"https:\\\/\\\/www.mataran-motocross.com\\\/producto\\\/punos-lock-on-race-doble-compuesto-negro-half-waffle#primaryimage\",\"url\":\"https:\\\/\\\/i0.wp.com\\\/www.mataran-motocross.com\\\/wp-content\\\/uploads\\\/2025\\\/06\\\/GRIPS-RACE-LOCK-ON-SINGLE-COMPOUND-BLACK-Half-waffle-MOTOCROSS-ENDURO-Half-waffle-MTR-2-8001209.webp?fit=1000%2C1000&ssl=1\",\"contentUrl\":\"https:\\\/\\\/i0.wp.com\\\/www.mataran-motocross.com\\\/wp-content\\\/uploads\\\/2025\\\/06\\\/GRIPS-RACE-LOCK-ON-SINGLE-COMPOUND-BLACK-Half-waffle-MOTOCROSS-ENDURO-Half-waffle-MTR-2-8001209.webp?fit=1000%2C1000&ssl=1\",\"width\":1000,\"height\":1000},{\"@type\":\"BreadcrumbList\",\"@id\":\"https:\\\/\\\/www.mataran-motocross.com\\\/producto\\\/punos-lock-on-race-doble-compuesto-negro-half-waffle#breadcrumb\",\"itemListElement\":[{\"@type\":\"ListItem\",\"position\":1,\"name\":\"Portada\",\"item\":\"https:\\\/\\\/www.mataran-motocross.com\\\/\"},{\"@type\":\"ListItem\",\"position\":2,\"name\":\"Tienda\",\"item\":\"https:\\\/\\\/www.mataran-motocross.com\\\/tienda\"},{\"@type\":\"ListItem\",\"position\":3,\"name\":\"Pu\u00f1os Lock-On Race doble compuesto Negro &#8220;Half-Waffle&#8221;\"}]},{\"@type\":\"WebSite\",\"@id\":\"https:\\\/\\\/www.mataran-motocross.com\\\/#website\",\"url\":\"https:\\\/\\\/www.mataran-motocross.com\\\/\",\"name\":\"Mataran Distribution\",\"description\":\"Off-Road | Tienda Distribuidor, Accesorios, Recambios, Equipaci\u00f3n...\",\"publisher\":{\"@id\":\"https:\\\/\\\/www.mataran-motocross.com\\\/#organization\"},\"alternateName\":\"Mataran Distribution | Motocross, Enduro, MTB, BMX...\",\"potentialAction\":[{\"@type\":\"SearchAction\",\"target\":{\"@type\":\"EntryPoint\",\"urlTemplate\":\"https:\\\/\\\/www.mataran-motocross.com\\\/?s={search_term_string}\"},\"query-input\":{\"@type\":\"PropertyValueSpecification\",\"valueRequired\":true,\"valueName\":\"search_term_string\"}}],\"inLanguage\":\"en-GB\"},{\"@type\":\"Organization\",\"@id\":\"https:\\\/\\\/www.mataran-motocross.com\\\/#organization\",\"name\":\"Mataran Distribution\",\"alternateName\":\"Mataran Distribution\",\"url\":\"https:\\\/\\\/www.mataran-motocross.com\\\/\",\"logo\":{\"@type\":\"ImageObject\",\"inLanguage\":\"en-GB\",\"@id\":\"https:\\\/\\\/www.mataran-motocross.com\\\/#\\\/schema\\\/logo\\\/image\\\/\",\"url\":\"https:\\\/\\\/i0.wp.com\\\/www.mataran-motocross.com\\\/wp-content\\\/uploads\\\/2023\\\/01\\\/logo_mataran.png?fit=269%2C86&ssl=1\",\"contentUrl\":\"https:\\\/\\\/i0.wp.com\\\/www.mataran-motocross.com\\\/wp-content\\\/uploads\\\/2023\\\/01\\\/logo_mataran.png?fit=269%2C86&ssl=1\",\"width\":269,\"height\":86,\"caption\":\"Mataran Distribution\"},\"image\":{\"@id\":\"https:\\\/\\\/www.mataran-motocross.com\\\/#\\\/schema\\\/logo\\\/image\\\/\"}}]}<\/script>\n<!-- \/ Yoast SEO plugin. -->","yoast_head_json":{"title":"Pu\u00f1os motocross STD Compuesto simple - Mataran Distribution","description":"Pu\u00f1os para motocross o enduro, gran variedad de modelos y diferentes compuestos disponibles. Pu\u00f1os cl\u00e1sicos o con cierre Lock-On.","robots":{"index":"index","follow":"follow","max-snippet":"max-snippet:-1","max-image-preview":"max-image-preview:large","max-video-preview":"max-video-preview:-1"},"canonical":"https:\/\/www.mataran-motocross.com\/en\/product\/punos-lock-on-race-doble-compuesto-negro-half-waffle\/","og_locale":"en_GB","og_type":"article","og_title":"Pu\u00f1os motocross STD Compuesto simple - Mataran Distribution","og_description":"Pu\u00f1os para motocross o enduro, gran variedad de modelos y diferentes compuestos disponibles. Pu\u00f1os cl\u00e1sicos o con cierre Lock-On.","og_url":"https:\/\/www.mataran-motocross.com\/en\/product\/punos-lock-on-race-doble-compuesto-negro-half-waffle\/","og_site_name":"Mataran Distribution","article_modified_time":"2026-04-20T09:26:49+00:00","og_image":[{"width":1000,"height":1000,"url":"https:\/\/www.mataran-motocross.com\/wp-content\/uploads\/2025\/06\/GRIPS-RACE-LOCK-ON-SINGLE-COMPOUND-BLACK-Half-waffle-MOTOCROSS-ENDURO-Half-waffle-MTR-2-8001209.webp","type":"image\/webp"}],"twitter_card":"summary_large_image","twitter_misc":{"Estimated reading time":"1 minute"},"schema":{"@context":"https:\/\/schema.org","@graph":[{"@type":"WebPage","@id":"https:\/\/www.mataran-motocross.com\/producto\/punos-lock-on-race-doble-compuesto-negro-half-waffle","url":"https:\/\/www.mataran-motocross.com\/producto\/punos-lock-on-race-doble-compuesto-negro-half-waffle","name":"Pu\u00f1os motocross STD Compuesto simple - Mataran Distribution","isPartOf":{"@id":"https:\/\/www.mataran-motocross.com\/#website"},"primaryImageOfPage":{"@id":"https:\/\/www.mataran-motocross.com\/producto\/punos-lock-on-race-doble-compuesto-negro-half-waffle#primaryimage"},"image":{"@id":"https:\/\/www.mataran-motocross.com\/producto\/punos-lock-on-race-doble-compuesto-negro-half-waffle#primaryimage"},"thumbnailUrl":"https:\/\/i0.wp.com\/www.mataran-motocross.com\/wp-content\/uploads\/2025\/06\/GRIPS-RACE-LOCK-ON-SINGLE-COMPOUND-BLACK-Half-waffle-MOTOCROSS-ENDURO-Half-waffle-MTR-2-8001209.webp?fit=1000%2C1000&ssl=1","datePublished":"2025-06-09T10:01:37+00:00","dateModified":"2026-04-20T09:26:49+00:00","description":"Pu\u00f1os para motocross o enduro, gran variedad de modelos y diferentes compuestos disponibles. Pu\u00f1os cl\u00e1sicos o con cierre Lock-On.","breadcrumb":{"@id":"https:\/\/www.mataran-motocross.com\/producto\/punos-lock-on-race-doble-compuesto-negro-half-waffle#breadcrumb"},"inLanguage":"en-GB","potentialAction":[{"@type":"ReadAction","target":["https:\/\/www.mataran-motocross.com\/producto\/punos-lock-on-race-doble-compuesto-negro-half-waffle"]}]},{"@type":"ImageObject","inLanguage":"en-GB","@id":"https:\/\/www.mataran-motocross.com\/producto\/punos-lock-on-race-doble-compuesto-negro-half-waffle#primaryimage","url":"https:\/\/i0.wp.com\/www.mataran-motocross.com\/wp-content\/uploads\/2025\/06\/GRIPS-RACE-LOCK-ON-SINGLE-COMPOUND-BLACK-Half-waffle-MOTOCROSS-ENDURO-Half-waffle-MTR-2-8001209.webp?fit=1000%2C1000&ssl=1","contentUrl":"https:\/\/i0.wp.com\/www.mataran-motocross.com\/wp-content\/uploads\/2025\/06\/GRIPS-RACE-LOCK-ON-SINGLE-COMPOUND-BLACK-Half-waffle-MOTOCROSS-ENDURO-Half-waffle-MTR-2-8001209.webp?fit=1000%2C1000&ssl=1","width":1000,"height":1000},{"@type":"BreadcrumbList","@id":"https:\/\/www.mataran-motocross.com\/producto\/punos-lock-on-race-doble-compuesto-negro-half-waffle#breadcrumb","itemListElement":[{"@type":"ListItem","position":1,"name":"Portada","item":"https:\/\/www.mataran-motocross.com\/"},{"@type":"ListItem","position":2,"name":"Tienda","item":"https:\/\/www.mataran-motocross.com\/tienda"},{"@type":"ListItem","position":3,"name":"Pu\u00f1os Lock-On Race doble compuesto Negro &#8220;Half-Waffle&#8221;"}]},{"@type":"WebSite","@id":"https:\/\/www.mataran-motocross.com\/#website","url":"https:\/\/www.mataran-motocross.com\/","name":"Mataran Distribution","description":"Off-Road | Tienda Distribuidor, Accesorios, Recambios, Equipaci\u00f3n...","publisher":{"@id":"https:\/\/www.mataran-motocross.com\/#organization"},"alternateName":"Mataran Distribution | Motocross, Enduro, MTB, BMX...","potentialAction":[{"@type":"SearchAction","target":{"@type":"EntryPoint","urlTemplate":"https:\/\/www.mataran-motocross.com\/?s={search_term_string}"},"query-input":{"@type":"PropertyValueSpecification","valueRequired":true,"valueName":"search_term_string"}}],"inLanguage":"en-GB"},{"@type":"Organization","@id":"https:\/\/www.mataran-motocross.com\/#organization","name":"Mataran Distribution","alternateName":"Mataran Distribution","url":"https:\/\/www.mataran-motocross.com\/","logo":{"@type":"ImageObject","inLanguage":"en-GB","@id":"https:\/\/www.mataran-motocross.com\/#\/schema\/logo\/image\/","url":"https:\/\/i0.wp.com\/www.mataran-motocross.com\/wp-content\/uploads\/2023\/01\/logo_mataran.png?fit=269%2C86&ssl=1","contentUrl":"https:\/\/i0.wp.com\/www.mataran-motocross.com\/wp-content\/uploads\/2023\/01\/logo_mataran.png?fit=269%2C86&ssl=1","width":269,"height":86,"caption":"Mataran Distribution"},"image":{"@id":"https:\/\/www.mataran-motocross.com\/#\/schema\/logo\/image\/"}}]}},"jetpack_sharing_enabled":true,"_links":{"self":[{"href":"https:\/\/www.mataran-motocross.com\/en\/wp-json\/wp\/v2\/product\/13861","targetHints":{"allow":["GET"]}}],"collection":[{"href":"https:\/\/www.mataran-motocross.com\/en\/wp-json\/wp\/v2\/product"}],"about":[{"href":"https:\/\/www.mataran-motocross.com\/en\/wp-json\/wp\/v2\/types\/product"}],"wp:featuredmedia":[{"embeddable":true,"href":"https:\/\/www.mataran-motocross.com\/en\/wp-json\/wp\/v2\/media\/13885"}],"wp:attachment":[{"href":"https:\/\/www.mataran-motocross.com\/en\/wp-json\/wp\/v2\/media?parent=13861"}],"wp:term":[{"taxonomy":"product_brand","embeddable":true,"href":"https:\/\/www.mataran-motocross.com\/en\/wp-json\/wp\/v2\/product_brand?post=13861"},{"taxonomy":"product_cat","embeddable":true,"href":"https:\/\/www.mataran-motocross.com\/en\/wp-json\/wp\/v2\/product_cat?post=13861"},{"taxonomy":"product_tag","embeddable":true,"href":"https:\/\/www.mataran-motocross.com\/en\/wp-json\/wp\/v2\/product_tag?post=13861"}],"curies":[{"name":"wp","href":"https:\/\/api.w.org\/{rel}","templated":true}]}}