{"id":14332,"date":"2026-02-06T19:13:22","date_gmt":"2026-02-06T18:13:22","guid":{"rendered":"https:\/\/www.mataran-motocross.com\/?post_type=product&#038;p=14332"},"modified":"2026-03-06T08:58:23","modified_gmt":"2026-03-06T07:58:23","slug":"estriberas-titanio-yamaha-yz-125-250-fantic-xx-2t","status":"publish","type":"product","link":"https:\/\/www.mataran-motocross.com\/en\/product\/estriberas-titanio-yamaha-yz-125-250-fantic-xx-2t","title":{"rendered":"Estriberas titanio Yamaha YZ 125-250 99-26 Fantic XX 125-250 21-26"},"content":{"rendered":"","protected":false},"excerpt":{"rendered":"<p>Nuestras estriberas de titanio GR5 han sido dise\u00f1adas especificamente para motocross o enduro, pensando en los pilotos que buscan el mejor rendimiento y un aspecto &#8220;factory&#8221;.<\/p>\n<p>Fabricadas en titanio grado 5 (Ti-6Al-4V), es la aleaci\u00f3n de titanio m\u00e1s utilizada a nivel mundial, valorada por su excepcional combinaci\u00f3n de alta resistencia, bajo peso y excelente resistencia a la corrosi\u00f3n.  <\/p>\n<p>Mayor superficie de apoyo con 60 mm, 20 dientes de agarre y menor peso respecto a las estriberas OEM (300g por par aproximado).<\/p>\n<p>Incluye llavero y pegatina MTR2.<\/p>\n<p>Models:<\/p>\n<p>Yamaha YZ 125-250 1999-2026<br \/>\nYamaha YZ 65 2018-2026<br \/>\nYamaha YZ 85 2002-2026<br \/>\nYamaha YZ-F 250 2002-2023<br \/>\nYamaha YZ-F 450 2002-2022<br \/>\nFantic XX XXF XE XEF 125-250 2022-2026<br \/>\nFantic XEF 250-450 2022-2024<br \/>\nFantic XXF 450 2022<\/p>","protected":false},"featured_media":14333,"template":"","meta":{"site-sidebar-layout":"default","site-content-layout":"","ast-site-content-layout":"default","site-content-style":"default","site-sidebar-style":"default","ast-global-header-display":"","ast-banner-title-visibility":"","ast-main-header-display":"","ast-hfb-above-header-display":"","ast-hfb-below-header-display":"","ast-hfb-mobile-header-display":"","site-post-title":"","ast-breadcrumbs-content":"","ast-featured-img":"","footer-sml-layout":"","ast-disable-related-posts":"","theme-transparent-header-meta":"default","adv-header-id-meta":"","stick-header-meta":"","header-above-stick-meta":"","header-main-stick-meta":"","header-below-stick-meta":"","astra-migrate-meta-layouts":"set","ast-page-background-enabled":"default","ast-page-background-meta":{"desktop":{"background-color":"","background-image":"","background-repeat":"repeat","background-position":"center center","background-size":"auto","background-attachment":"scroll","background-type":"","background-media":"","overlay-type":"","overlay-color":"","overlay-opacity":"","overlay-gradient":""},"tablet":{"background-color":"","background-image":"","background-repeat":"repeat","background-position":"center center","background-size":"auto","background-attachment":"scroll","background-type":"","background-media":"","overlay-type":"","overlay-color":"","overlay-opacity":"","overlay-gradient":""},"mobile":{"background-color":"","background-image":"","background-repeat":"repeat","background-position":"center center","background-size":"auto","background-attachment":"scroll","background-type":"","background-media":"","overlay-type":"","overlay-color":"","overlay-opacity":"","overlay-gradient":""}},"ast-content-background-meta":{"desktop":{"background-color":"var(--ast-global-color-5)","background-image":"","background-repeat":"repeat","background-position":"center center","background-size":"auto","background-attachment":"scroll","background-type":"","background-media":"","overlay-type":"","overlay-color":"","overlay-opacity":"","overlay-gradient":""},"tablet":{"background-color":"var(--ast-global-color-5)","background-image":"","background-repeat":"repeat","background-position":"center center","background-size":"auto","background-attachment":"scroll","background-type":"","background-media":"","overlay-type":"","overlay-color":"","overlay-opacity":"","overlay-gradient":""},"mobile":{"background-color":"var(--ast-global-color-5)","background-image":"","background-repeat":"repeat","background-position":"center center","background-size":"auto","background-attachment":"scroll","background-type":"","background-media":"","overlay-type":"","overlay-color":"","overlay-opacity":"","overlay-gradient":""}}},"product_brand":[],"product_cat":[22,218],"product_tag":[1143,1144,1129,1142,1131,1133,1134,1132,1139,1130,1138,1141,1128,1137,1136,1135,1164,1165,1163,1166,1167,1147,1140,1168,1146,1157,1153,1161,1152,1148,1154,1151,1155,1159,1149,1145,1158,1156,1160,1150],"class_list":{"0":"post-14332","1":"product","2":"type-product","3":"status-publish","4":"has-post-thumbnail","6":"product_cat-accesorios_moto","7":"product_cat-estriberas","8":"product_tag-accesorios-moto-titanio","9":"product_tag-estriberas-anti-deslizantes","10":"product_tag-estriberas-enduro","11":"product_tag-estriberas-enduro-titanio","12":"product_tag-estriberas-factory","13":"product_tag-estriberas-gasgas","14":"product_tag-estriberas-honda-crf","15":"product_tag-estriberas-ktm-enduro","16":"product_tag-estriberas-ligeras-para-moto","17":"product_tag-estriberas-motocross","18":"product_tag-estriberas-motocross-gr5","19":"product_tag-estriberas-off-road-titanio","20":"product_tag-estriberas-titanio","21":"product_tag-estriberas-titanio-enduro","22":"product_tag-estriberas-titanio-motocross","23":"product_tag-estriberas-yamaha-yz","24":"product_tag-fantic-xef","25":"product_tag-fantic-xef-estriberas","26":"product_tag-fantic-xx","27":"product_tag-fantic-xx-125-footpegs","28":"product_tag-footpegs-fantic-motocross","29":"product_tag-motocross-titanium-parts","30":"product_tag-piezas-titanio-motocross","31":"product_tag-titanium-fantic-enduro","32":"product_tag-titanium-foot-pegs-mx","33":"product_tag-titanium-footpegs-beta","34":"product_tag-titanium-footpegs-enduro","35":"product_tag-titanium-footpegs-fantic","36":"product_tag-titanium-footpegs-gasgas-mc","37":"product_tag-titanium-footpegs-honda-crf","38":"product_tag-titanium-footpegs-hrc","39":"product_tag-titanium-footpegs-husqvarna-fc","40":"product_tag-titanium-footpegs-kawasaki-kx","41":"product_tag-titanium-footpegs-ktm-exc","42":"product_tag-titanium-footpegs-ktm-sxf","43":"product_tag-titanium-footpegs-motocross","44":"product_tag-titanium-footpegs-mxgp","45":"product_tag-titanium-footpegs-sherco","46":"product_tag-titanium-footpegs-triumph","47":"product_tag-titanium-footpegs-yamaha-yz","48":"desktop-align-left","49":"tablet-align-left","50":"mobile-align-left","52":"first","53":"instock","54":"taxable","55":"shipping-taxable","56":"purchasable","57":"product-type-simple"},"yoast_head":"<!-- This site is optimized with the Yoast SEO plugin v27.5 - https:\/\/yoast.com\/product\/yoast-seo-wordpress\/ -->\n<title>Estriberas titanio Yamaha YZ 125-250 Fantic - Mataran Distribution<\/title>\n<meta name=\"description\" content=\"Nuestras estriberas de titanio GR5 han sido dise\u00f1adas para motocross o enduro, alta resistencia, bajo peso y excelente resistencia a la corrosi\u00f3n.\" \/>\n<meta name=\"robots\" content=\"index, follow, max-snippet:-1, max-image-preview:large, max-video-preview:-1\" \/>\n<link rel=\"canonical\" href=\"https:\/\/www.mataran-motocross.com\/en\/product\/estriberas-titanio-yamaha-yz-125-250-fantic-xx-2t\/\" \/>\n<meta property=\"og:locale\" content=\"en_GB\" \/>\n<meta property=\"og:type\" content=\"article\" \/>\n<meta property=\"og:title\" content=\"Estriberas titanio Yamaha YZ 125-250 Fantic - Mataran Distribution\" \/>\n<meta property=\"og:description\" content=\"Nuestras estriberas de titanio GR5 han sido dise\u00f1adas para motocross o enduro, alta resistencia, bajo peso y excelente resistencia a la corrosi\u00f3n.\" \/>\n<meta property=\"og:url\" content=\"https:\/\/www.mataran-motocross.com\/en\/product\/estriberas-titanio-yamaha-yz-125-250-fantic-xx-2t\/\" \/>\n<meta property=\"og:site_name\" content=\"Mataran Distribution\" \/>\n<meta property=\"article:modified_time\" content=\"2026-03-06T07:58:23+00:00\" \/>\n<meta property=\"og:image\" content=\"https:\/\/www.mataran-motocross.com\/wp-content\/uploads\/2026\/02\/FACTORY-FOOTPEGS-TITANIUM-Gr5-Yamaha-YZ-125-250-1999-2026-FANTIC-XX-XXE-125-250-MTR-2-8003922.webp\" \/>\n\t<meta property=\"og:image:width\" content=\"1000\" \/>\n\t<meta property=\"og:image:height\" content=\"1000\" \/>\n\t<meta property=\"og:image:type\" content=\"image\/webp\" \/>\n<meta name=\"twitter:card\" content=\"summary_large_image\" \/>\n<meta name=\"twitter:label1\" content=\"Estimated reading time\" \/>\n\t<meta name=\"twitter:data1\" content=\"1 minute\" \/>\n<script type=\"application\/ld+json\" class=\"yoast-schema-graph\">{\"@context\":\"https:\\\/\\\/schema.org\",\"@graph\":[{\"@type\":\"WebPage\",\"@id\":\"https:\\\/\\\/www.mataran-motocross.com\\\/producto\\\/estriberas-titanio-yamaha-yz-125-250-fantic-xx-2t\",\"url\":\"https:\\\/\\\/www.mataran-motocross.com\\\/producto\\\/estriberas-titanio-yamaha-yz-125-250-fantic-xx-2t\",\"name\":\"Estriberas titanio Yamaha YZ 125-250 Fantic - Mataran Distribution\",\"isPartOf\":{\"@id\":\"https:\\\/\\\/www.mataran-motocross.com\\\/#website\"},\"primaryImageOfPage\":{\"@id\":\"https:\\\/\\\/www.mataran-motocross.com\\\/producto\\\/estriberas-titanio-yamaha-yz-125-250-fantic-xx-2t#primaryimage\"},\"image\":{\"@id\":\"https:\\\/\\\/www.mataran-motocross.com\\\/producto\\\/estriberas-titanio-yamaha-yz-125-250-fantic-xx-2t#primaryimage\"},\"thumbnailUrl\":\"https:\\\/\\\/i0.wp.com\\\/www.mataran-motocross.com\\\/wp-content\\\/uploads\\\/2026\\\/02\\\/FACTORY-FOOTPEGS-TITANIUM-Gr5-Yamaha-YZ-125-250-1999-2026-FANTIC-XX-XXE-125-250-MTR-2-8003922.webp?fit=1000%2C1000&ssl=1\",\"datePublished\":\"2026-02-06T18:13:22+00:00\",\"dateModified\":\"2026-03-06T07:58:23+00:00\",\"description\":\"Nuestras estriberas de titanio GR5 han sido dise\u00f1adas para motocross o enduro, alta resistencia, bajo peso y excelente resistencia a la corrosi\u00f3n.\",\"breadcrumb\":{\"@id\":\"https:\\\/\\\/www.mataran-motocross.com\\\/producto\\\/estriberas-titanio-yamaha-yz-125-250-fantic-xx-2t#breadcrumb\"},\"inLanguage\":\"en-GB\",\"potentialAction\":[{\"@type\":\"ReadAction\",\"target\":[\"https:\\\/\\\/www.mataran-motocross.com\\\/producto\\\/estriberas-titanio-yamaha-yz-125-250-fantic-xx-2t\"]}]},{\"@type\":\"ImageObject\",\"inLanguage\":\"en-GB\",\"@id\":\"https:\\\/\\\/www.mataran-motocross.com\\\/producto\\\/estriberas-titanio-yamaha-yz-125-250-fantic-xx-2t#primaryimage\",\"url\":\"https:\\\/\\\/i0.wp.com\\\/www.mataran-motocross.com\\\/wp-content\\\/uploads\\\/2026\\\/02\\\/FACTORY-FOOTPEGS-TITANIUM-Gr5-Yamaha-YZ-125-250-1999-2026-FANTIC-XX-XXE-125-250-MTR-2-8003922.webp?fit=1000%2C1000&ssl=1\",\"contentUrl\":\"https:\\\/\\\/i0.wp.com\\\/www.mataran-motocross.com\\\/wp-content\\\/uploads\\\/2026\\\/02\\\/FACTORY-FOOTPEGS-TITANIUM-Gr5-Yamaha-YZ-125-250-1999-2026-FANTIC-XX-XXE-125-250-MTR-2-8003922.webp?fit=1000%2C1000&ssl=1\",\"width\":1000,\"height\":1000},{\"@type\":\"BreadcrumbList\",\"@id\":\"https:\\\/\\\/www.mataran-motocross.com\\\/producto\\\/estriberas-titanio-yamaha-yz-125-250-fantic-xx-2t#breadcrumb\",\"itemListElement\":[{\"@type\":\"ListItem\",\"position\":1,\"name\":\"Portada\",\"item\":\"https:\\\/\\\/www.mataran-motocross.com\\\/\"},{\"@type\":\"ListItem\",\"position\":2,\"name\":\"Tienda\",\"item\":\"https:\\\/\\\/www.mataran-motocross.com\\\/tienda\"},{\"@type\":\"ListItem\",\"position\":3,\"name\":\"Estriberas titanio Yamaha YZ 125-250 99-26 Fantic XX 125-250 21-26\"}]},{\"@type\":\"WebSite\",\"@id\":\"https:\\\/\\\/www.mataran-motocross.com\\\/#website\",\"url\":\"https:\\\/\\\/www.mataran-motocross.com\\\/\",\"name\":\"Mataran Distribution\",\"description\":\"Off-Road | Tienda Distribuidor, Accesorios, Recambios, Equipaci\u00f3n...\",\"publisher\":{\"@id\":\"https:\\\/\\\/www.mataran-motocross.com\\\/#organization\"},\"alternateName\":\"Mataran Distribution | Motocross, Enduro, MTB, BMX...\",\"potentialAction\":[{\"@type\":\"SearchAction\",\"target\":{\"@type\":\"EntryPoint\",\"urlTemplate\":\"https:\\\/\\\/www.mataran-motocross.com\\\/?s={search_term_string}\"},\"query-input\":{\"@type\":\"PropertyValueSpecification\",\"valueRequired\":true,\"valueName\":\"search_term_string\"}}],\"inLanguage\":\"en-GB\"},{\"@type\":\"Organization\",\"@id\":\"https:\\\/\\\/www.mataran-motocross.com\\\/#organization\",\"name\":\"Mataran Distribution\",\"alternateName\":\"Mataran Distribution\",\"url\":\"https:\\\/\\\/www.mataran-motocross.com\\\/\",\"logo\":{\"@type\":\"ImageObject\",\"inLanguage\":\"en-GB\",\"@id\":\"https:\\\/\\\/www.mataran-motocross.com\\\/#\\\/schema\\\/logo\\\/image\\\/\",\"url\":\"https:\\\/\\\/i0.wp.com\\\/www.mataran-motocross.com\\\/wp-content\\\/uploads\\\/2023\\\/01\\\/logo_mataran.png?fit=269%2C86&ssl=1\",\"contentUrl\":\"https:\\\/\\\/i0.wp.com\\\/www.mataran-motocross.com\\\/wp-content\\\/uploads\\\/2023\\\/01\\\/logo_mataran.png?fit=269%2C86&ssl=1\",\"width\":269,\"height\":86,\"caption\":\"Mataran Distribution\"},\"image\":{\"@id\":\"https:\\\/\\\/www.mataran-motocross.com\\\/#\\\/schema\\\/logo\\\/image\\\/\"}}]}<\/script>\n<!-- \/ Yoast SEO plugin. -->","yoast_head_json":{"title":"Estriberas titanio Yamaha YZ 125-250 Fantic - Mataran Distribution","description":"Nuestras estriberas de titanio GR5 han sido dise\u00f1adas para motocross o enduro, alta resistencia, bajo peso y excelente resistencia a la corrosi\u00f3n.","robots":{"index":"index","follow":"follow","max-snippet":"max-snippet:-1","max-image-preview":"max-image-preview:large","max-video-preview":"max-video-preview:-1"},"canonical":"https:\/\/www.mataran-motocross.com\/en\/product\/estriberas-titanio-yamaha-yz-125-250-fantic-xx-2t\/","og_locale":"en_GB","og_type":"article","og_title":"Estriberas titanio Yamaha YZ 125-250 Fantic - Mataran Distribution","og_description":"Nuestras estriberas de titanio GR5 han sido dise\u00f1adas para motocross o enduro, alta resistencia, bajo peso y excelente resistencia a la corrosi\u00f3n.","og_url":"https:\/\/www.mataran-motocross.com\/en\/product\/estriberas-titanio-yamaha-yz-125-250-fantic-xx-2t\/","og_site_name":"Mataran Distribution","article_modified_time":"2026-03-06T07:58:23+00:00","og_image":[{"width":1000,"height":1000,"url":"https:\/\/www.mataran-motocross.com\/wp-content\/uploads\/2026\/02\/FACTORY-FOOTPEGS-TITANIUM-Gr5-Yamaha-YZ-125-250-1999-2026-FANTIC-XX-XXE-125-250-MTR-2-8003922.webp","type":"image\/webp"}],"twitter_card":"summary_large_image","twitter_misc":{"Estimated reading time":"1 minute"},"schema":{"@context":"https:\/\/schema.org","@graph":[{"@type":"WebPage","@id":"https:\/\/www.mataran-motocross.com\/producto\/estriberas-titanio-yamaha-yz-125-250-fantic-xx-2t","url":"https:\/\/www.mataran-motocross.com\/producto\/estriberas-titanio-yamaha-yz-125-250-fantic-xx-2t","name":"Estriberas titanio Yamaha YZ 125-250 Fantic - Mataran Distribution","isPartOf":{"@id":"https:\/\/www.mataran-motocross.com\/#website"},"primaryImageOfPage":{"@id":"https:\/\/www.mataran-motocross.com\/producto\/estriberas-titanio-yamaha-yz-125-250-fantic-xx-2t#primaryimage"},"image":{"@id":"https:\/\/www.mataran-motocross.com\/producto\/estriberas-titanio-yamaha-yz-125-250-fantic-xx-2t#primaryimage"},"thumbnailUrl":"https:\/\/i0.wp.com\/www.mataran-motocross.com\/wp-content\/uploads\/2026\/02\/FACTORY-FOOTPEGS-TITANIUM-Gr5-Yamaha-YZ-125-250-1999-2026-FANTIC-XX-XXE-125-250-MTR-2-8003922.webp?fit=1000%2C1000&ssl=1","datePublished":"2026-02-06T18:13:22+00:00","dateModified":"2026-03-06T07:58:23+00:00","description":"Nuestras estriberas de titanio GR5 han sido dise\u00f1adas para motocross o enduro, alta resistencia, bajo peso y excelente resistencia a la corrosi\u00f3n.","breadcrumb":{"@id":"https:\/\/www.mataran-motocross.com\/producto\/estriberas-titanio-yamaha-yz-125-250-fantic-xx-2t#breadcrumb"},"inLanguage":"en-GB","potentialAction":[{"@type":"ReadAction","target":["https:\/\/www.mataran-motocross.com\/producto\/estriberas-titanio-yamaha-yz-125-250-fantic-xx-2t"]}]},{"@type":"ImageObject","inLanguage":"en-GB","@id":"https:\/\/www.mataran-motocross.com\/producto\/estriberas-titanio-yamaha-yz-125-250-fantic-xx-2t#primaryimage","url":"https:\/\/i0.wp.com\/www.mataran-motocross.com\/wp-content\/uploads\/2026\/02\/FACTORY-FOOTPEGS-TITANIUM-Gr5-Yamaha-YZ-125-250-1999-2026-FANTIC-XX-XXE-125-250-MTR-2-8003922.webp?fit=1000%2C1000&ssl=1","contentUrl":"https:\/\/i0.wp.com\/www.mataran-motocross.com\/wp-content\/uploads\/2026\/02\/FACTORY-FOOTPEGS-TITANIUM-Gr5-Yamaha-YZ-125-250-1999-2026-FANTIC-XX-XXE-125-250-MTR-2-8003922.webp?fit=1000%2C1000&ssl=1","width":1000,"height":1000},{"@type":"BreadcrumbList","@id":"https:\/\/www.mataran-motocross.com\/producto\/estriberas-titanio-yamaha-yz-125-250-fantic-xx-2t#breadcrumb","itemListElement":[{"@type":"ListItem","position":1,"name":"Portada","item":"https:\/\/www.mataran-motocross.com\/"},{"@type":"ListItem","position":2,"name":"Tienda","item":"https:\/\/www.mataran-motocross.com\/tienda"},{"@type":"ListItem","position":3,"name":"Estriberas titanio Yamaha YZ 125-250 99-26 Fantic XX 125-250 21-26"}]},{"@type":"WebSite","@id":"https:\/\/www.mataran-motocross.com\/#website","url":"https:\/\/www.mataran-motocross.com\/","name":"Mataran Distribution","description":"Off-Road | Tienda Distribuidor, Accesorios, Recambios, Equipaci\u00f3n...","publisher":{"@id":"https:\/\/www.mataran-motocross.com\/#organization"},"alternateName":"Mataran Distribution | Motocross, Enduro, MTB, BMX...","potentialAction":[{"@type":"SearchAction","target":{"@type":"EntryPoint","urlTemplate":"https:\/\/www.mataran-motocross.com\/?s={search_term_string}"},"query-input":{"@type":"PropertyValueSpecification","valueRequired":true,"valueName":"search_term_string"}}],"inLanguage":"en-GB"},{"@type":"Organization","@id":"https:\/\/www.mataran-motocross.com\/#organization","name":"Mataran Distribution","alternateName":"Mataran Distribution","url":"https:\/\/www.mataran-motocross.com\/","logo":{"@type":"ImageObject","inLanguage":"en-GB","@id":"https:\/\/www.mataran-motocross.com\/#\/schema\/logo\/image\/","url":"https:\/\/i0.wp.com\/www.mataran-motocross.com\/wp-content\/uploads\/2023\/01\/logo_mataran.png?fit=269%2C86&ssl=1","contentUrl":"https:\/\/i0.wp.com\/www.mataran-motocross.com\/wp-content\/uploads\/2023\/01\/logo_mataran.png?fit=269%2C86&ssl=1","width":269,"height":86,"caption":"Mataran Distribution"},"image":{"@id":"https:\/\/www.mataran-motocross.com\/#\/schema\/logo\/image\/"}}]}},"jetpack_sharing_enabled":true,"_links":{"self":[{"href":"https:\/\/www.mataran-motocross.com\/en\/wp-json\/wp\/v2\/product\/14332","targetHints":{"allow":["GET"]}}],"collection":[{"href":"https:\/\/www.mataran-motocross.com\/en\/wp-json\/wp\/v2\/product"}],"about":[{"href":"https:\/\/www.mataran-motocross.com\/en\/wp-json\/wp\/v2\/types\/product"}],"wp:featuredmedia":[{"embeddable":true,"href":"https:\/\/www.mataran-motocross.com\/en\/wp-json\/wp\/v2\/media\/14333"}],"wp:attachment":[{"href":"https:\/\/www.mataran-motocross.com\/en\/wp-json\/wp\/v2\/media?parent=14332"}],"wp:term":[{"taxonomy":"product_brand","embeddable":true,"href":"https:\/\/www.mataran-motocross.com\/en\/wp-json\/wp\/v2\/product_brand?post=14332"},{"taxonomy":"product_cat","embeddable":true,"href":"https:\/\/www.mataran-motocross.com\/en\/wp-json\/wp\/v2\/product_cat?post=14332"},{"taxonomy":"product_tag","embeddable":true,"href":"https:\/\/www.mataran-motocross.com\/en\/wp-json\/wp\/v2\/product_tag?post=14332"}],"curies":[{"name":"wp","href":"https:\/\/api.w.org\/{rel}","templated":true}]}}