{"id":14337,"date":"2026-02-09T12:31:02","date_gmt":"2026-02-09T11:31:02","guid":{"rendered":"https:\/\/www.mataran-motocross.com\/?post_type=product&#038;p=14337"},"modified":"2026-03-31T16:53:42","modified_gmt":"2026-03-31T14:53:42","slug":"manillar-21-series-purple","status":"publish","type":"product","link":"https:\/\/www.mataran-motocross.com\/en\/product\/manillar-21-series-purple","title":{"rendered":"Manillar 2.1 Series &#8220;Purple&#8221;"},"content":{"rendered":"<ul>\n<li>Handlebar MTR-2 2.1 created for the highest level competitions<\/li>\n<li>Made of high-strength 7075 T6 aluminum<\/li>\n<li>Innovative design in its form<\/li>\n<li>Dotted on the left end of the handlebar for added grip on the grip<\/li>\n<li>Logo 2.1 engraved on the handlebar<\/li>\n<li>Available in different sizes<\/li>\n<li>Diameter 28.6 mm<\/li>\n<\/ul>","protected":false},"excerpt":{"rendered":"<p>El manillar de la serie 2.1 \u201cPurple\u201d es el modelo tope de gama de nuestra l\u00ednea. Incorpora un dise\u00f1o vintage gracias a su caracter\u00edstico color morado, muy popular en d\u00e9cadas pasadas, sin renunciar a la tecnolog\u00eda y prestaciones de un manillar actual.<\/p>\n<p>Este manillar introduce un nuevo concepto gracias a su di\u00e1metro superior de 28,6 mm, presente en la zona de la curva antes de los controles, manteniendo la medida est\u00e1ndar en los extremos. A diferencia de otros manillares, este dise\u00f1o proporciona mayor resistencia y seguridad en caso de ca\u00edda.<\/p>\n<p>Est\u00e1 fabricado en aluminio aeroespacial 7075 T6 de alta resistencia, el mismo material utilizado en competici\u00f3n. La serie 2.1 es el modelo empleado por nuestros pilotos en el MXGP, garantizando el m\u00e1ximo rendimiento y fiabilidad.<\/p>\n<p>Sus diferentes medidas y opciones ofrecen una comodidad superior en el pilotaje. Elegir el manillar adecuado marcar\u00e1 una clara diferencia en el control y la ergonom\u00eda de su moto.<\/p>","protected":false},"featured_media":14358,"template":"","meta":{"site-sidebar-layout":"default","site-content-layout":"default","ast-site-content-layout":"default","site-content-style":"default","site-sidebar-style":"default","ast-global-header-display":"","ast-banner-title-visibility":"","ast-main-header-display":"","ast-hfb-above-header-display":"","ast-hfb-below-header-display":"","ast-hfb-mobile-header-display":"","site-post-title":"","ast-breadcrumbs-content":"","ast-featured-img":"","footer-sml-layout":"","ast-disable-related-posts":"","theme-transparent-header-meta":"default","adv-header-id-meta":"","stick-header-meta":"","header-above-stick-meta":"","header-main-stick-meta":"","header-below-stick-meta":"","astra-migrate-meta-layouts":"set","ast-page-background-enabled":"default","ast-page-background-meta":{"desktop":{"background-color":"","background-image":"","background-repeat":"repeat","background-position":"center center","background-size":"auto","background-attachment":"scroll","background-type":"","background-media":"","overlay-type":"","overlay-color":"","overlay-opacity":"","overlay-gradient":""},"tablet":{"background-color":"","background-image":"","background-repeat":"repeat","background-position":"center center","background-size":"auto","background-attachment":"scroll","background-type":"","background-media":"","overlay-type":"","overlay-color":"","overlay-opacity":"","overlay-gradient":""},"mobile":{"background-color":"","background-image":"","background-repeat":"repeat","background-position":"center center","background-size":"auto","background-attachment":"scroll","background-type":"","background-media":"","overlay-type":"","overlay-color":"","overlay-opacity":"","overlay-gradient":""}},"ast-content-background-meta":{"desktop":{"background-color":"var(--ast-global-color-5)","background-image":"","background-repeat":"repeat","background-position":"center center","background-size":"auto","background-attachment":"scroll","background-type":"","background-media":"","overlay-type":"","overlay-color":"","overlay-opacity":"","overlay-gradient":""},"tablet":{"background-color":"var(--ast-global-color-5)","background-image":"","background-repeat":"repeat","background-position":"center center","background-size":"auto","background-attachment":"scroll","background-type":"","background-media":"","overlay-type":"","overlay-color":"","overlay-opacity":"","overlay-gradient":""},"mobile":{"background-color":"var(--ast-global-color-5)","background-image":"","background-repeat":"repeat","background-position":"center center","background-size":"auto","background-attachment":"scroll","background-type":"","background-media":"","overlay-type":"","overlay-color":"","overlay-opacity":"","overlay-gradient":""}}},"product_brand":[],"product_cat":[44],"product_tag":[1038,1019,1039,1020,1044,932,930,1043,931,1021,1022,1023,1055,1045,35,1040,1178,1177,39,1024,1025,1051,1048,1052,33,1050,1047,1049,1176,1026,1036,1035,1034,1053,1033,1041,1032,1042,1031,1028,1030,1027,1037,1029,1054,942,1175,1173,940,1046,1174],"class_list":{"0":"post-14337","1":"product","2":"type-product","3":"status-publish","4":"has-post-thumbnail","6":"product_cat-manillares-manillares","7":"product_tag-guidao-28-mm","8":"product_tag-guidao-motocross","9":"product_tag-guidao-mtr-2","10":"product_tag-guidao-renthal","11":"product_tag-guidon-28-mm","12":"product_tag-guidon-enduro","13":"product_tag-guidon-motocross","14":"product_tag-guidon-mtr2","15":"product_tag-guidon-neken","16":"product_tag-guidon-protaper","17":"product_tag-guidon-renthal","18":"product_tag-guidon-scar","19":"product_tag-guidon-twinwall","20":"product_tag-guidon-vintage","21":"product_tag-handlebar-enduro","22":"product_tag-handlebar-mtr-2","23":"product_tag-handlebar-retro","24":"product_tag-handlebar-vintage","25":"product_tag-handlebars-motocross","26":"product_tag-handlebars-protaper","27":"product_tag-handlebars-renthal","28":"product_tag-manillar-28-motocross","29":"product_tag-manillar-enduro-neken","30":"product_tag-manillar-honda-crf","31":"product_tag-manillar-motocross","32":"product_tag-manillar-mtr2","33":"product_tag-manillar-neken","34":"product_tag-manillar-serie-ktm","35":"product_tag-manillar-vintage","36":"product_tag-manillares-motocross","37":"product_tag-manubrio-22-mm","38":"product_tag-manubrio-28-mm","39":"product_tag-manubrio-28mm","40":"product_tag-manubrio-enduro","41":"product_tag-manubrio-fatbar","42":"product_tag-manubrio-mika","43":"product_tag-manubrio-motocross","44":"product_tag-manubrio-mtr-2","45":"product_tag-manubrio-neken","46":"product_tag-manubrio-pbr","47":"product_tag-manubrio-protaper","48":"product_tag-manubrio-renthal","49":"product_tag-manubrio-scar","50":"product_tag-manubrio-tomasselli","51":"product_tag-manubrio-vintage","52":"product_tag-renthal-fatbar","53":"product_tag-renthal-manillar-morado","54":"product_tag-renthal-retro","55":"product_tag-renthal-twinwall","56":"product_tag-renthal-vintage","57":"product_tag-tent","58":"desktop-align-left","59":"tablet-align-left","60":"mobile-align-left","62":"first","63":"instock","64":"taxable","65":"shipping-taxable","66":"purchasable","67":"product-type-variable"},"yoast_head":"<!-- This site is optimized with the Yoast SEO plugin v27.4 - https:\/\/yoast.com\/product\/yoast-seo-wordpress\/ -->\n<title>Manillar 2.1 Series &quot;Purple&quot; - Mataran Distribution<\/title>\n<meta name=\"description\" content=\"Disponible una gran variedad de manillares en 28,6 mm y 22 mm en diferentes medidas. Encuentra tu mayor perfecto, tambi\u00e9n disponibles pu\u00f1os, torretas...\" \/>\n<meta name=\"robots\" content=\"index, follow, max-snippet:-1, max-image-preview:large, max-video-preview:-1\" \/>\n<link rel=\"canonical\" href=\"https:\/\/www.mataran-motocross.com\/en\/product\/manillar-21-series-purple\/\" \/>\n<meta property=\"og:locale\" content=\"en_GB\" \/>\n<meta property=\"og:type\" content=\"article\" \/>\n<meta property=\"og:title\" content=\"Manillar 2.1 Series &quot;Purple&quot; - Mataran Distribution\" \/>\n<meta property=\"og:description\" content=\"Disponible una gran variedad de manillares en 28,6 mm y 22 mm en diferentes medidas. Encuentra tu mayor perfecto, tambi\u00e9n disponibles pu\u00f1os, torretas...\" \/>\n<meta property=\"og:url\" content=\"https:\/\/www.mataran-motocross.com\/en\/product\/manillar-21-series-purple\/\" \/>\n<meta property=\"og:site_name\" content=\"Mataran Distribution\" \/>\n<meta property=\"article:modified_time\" content=\"2026-03-31T14:53:42+00:00\" \/>\n<meta property=\"og:image\" content=\"https:\/\/www.mataran-motocross.com\/wp-content\/uploads\/2026\/02\/HANDLEBAR-MTR2-PURPLE-VINTAGE-2.1-SERIES-MOTOCROSS.webp\" \/>\n\t<meta property=\"og:image:width\" content=\"1500\" \/>\n\t<meta property=\"og:image:height\" content=\"1500\" \/>\n\t<meta property=\"og:image:type\" content=\"image\/webp\" \/>\n<meta name=\"twitter:card\" content=\"summary_large_image\" \/>\n<meta name=\"twitter:label1\" content=\"Estimated reading time\" \/>\n\t<meta name=\"twitter:data1\" content=\"1 minute\" \/>\n<script type=\"application\/ld+json\" class=\"yoast-schema-graph\">{\"@context\":\"https:\\\/\\\/schema.org\",\"@graph\":[{\"@type\":\"WebPage\",\"@id\":\"https:\\\/\\\/www.mataran-motocross.com\\\/producto\\\/manillar-21-series-purple\",\"url\":\"https:\\\/\\\/www.mataran-motocross.com\\\/producto\\\/manillar-21-series-purple\",\"name\":\"Manillar 2.1 Series \\\"Purple\\\" - Mataran Distribution\",\"isPartOf\":{\"@id\":\"https:\\\/\\\/www.mataran-motocross.com\\\/#website\"},\"primaryImageOfPage\":{\"@id\":\"https:\\\/\\\/www.mataran-motocross.com\\\/producto\\\/manillar-21-series-purple#primaryimage\"},\"image\":{\"@id\":\"https:\\\/\\\/www.mataran-motocross.com\\\/producto\\\/manillar-21-series-purple#primaryimage\"},\"thumbnailUrl\":\"https:\\\/\\\/i0.wp.com\\\/www.mataran-motocross.com\\\/wp-content\\\/uploads\\\/2026\\\/02\\\/HANDLEBAR-MTR2-PURPLE-VINTAGE-2.1-SERIES-MOTOCROSS.webp?fit=1500%2C1500&ssl=1\",\"datePublished\":\"2026-02-09T11:31:02+00:00\",\"dateModified\":\"2026-03-31T14:53:42+00:00\",\"description\":\"Disponible una gran variedad de manillares en 28,6 mm y 22 mm en diferentes medidas. Encuentra tu mayor perfecto, tambi\u00e9n disponibles pu\u00f1os, torretas...\",\"breadcrumb\":{\"@id\":\"https:\\\/\\\/www.mataran-motocross.com\\\/producto\\\/manillar-21-series-purple#breadcrumb\"},\"inLanguage\":\"en-GB\",\"potentialAction\":[{\"@type\":\"ReadAction\",\"target\":[\"https:\\\/\\\/www.mataran-motocross.com\\\/producto\\\/manillar-21-series-purple\"]}]},{\"@type\":\"ImageObject\",\"inLanguage\":\"en-GB\",\"@id\":\"https:\\\/\\\/www.mataran-motocross.com\\\/producto\\\/manillar-21-series-purple#primaryimage\",\"url\":\"https:\\\/\\\/i0.wp.com\\\/www.mataran-motocross.com\\\/wp-content\\\/uploads\\\/2026\\\/02\\\/HANDLEBAR-MTR2-PURPLE-VINTAGE-2.1-SERIES-MOTOCROSS.webp?fit=1500%2C1500&ssl=1\",\"contentUrl\":\"https:\\\/\\\/i0.wp.com\\\/www.mataran-motocross.com\\\/wp-content\\\/uploads\\\/2026\\\/02\\\/HANDLEBAR-MTR2-PURPLE-VINTAGE-2.1-SERIES-MOTOCROSS.webp?fit=1500%2C1500&ssl=1\",\"width\":1500,\"height\":1500},{\"@type\":\"BreadcrumbList\",\"@id\":\"https:\\\/\\\/www.mataran-motocross.com\\\/producto\\\/manillar-21-series-purple#breadcrumb\",\"itemListElement\":[{\"@type\":\"ListItem\",\"position\":1,\"name\":\"Portada\",\"item\":\"https:\\\/\\\/www.mataran-motocross.com\\\/\"},{\"@type\":\"ListItem\",\"position\":2,\"name\":\"Tienda\",\"item\":\"https:\\\/\\\/www.mataran-motocross.com\\\/tienda\"},{\"@type\":\"ListItem\",\"position\":3,\"name\":\"Manillar 2.1 Series &#8220;Purple&#8221;\"}]},{\"@type\":\"WebSite\",\"@id\":\"https:\\\/\\\/www.mataran-motocross.com\\\/#website\",\"url\":\"https:\\\/\\\/www.mataran-motocross.com\\\/\",\"name\":\"Mataran Distribution\",\"description\":\"Off-Road | Tienda Distribuidor, Accesorios, Recambios, Equipaci\u00f3n...\",\"publisher\":{\"@id\":\"https:\\\/\\\/www.mataran-motocross.com\\\/#organization\"},\"alternateName\":\"Mataran Distribution | Motocross, Enduro, MTB, BMX...\",\"potentialAction\":[{\"@type\":\"SearchAction\",\"target\":{\"@type\":\"EntryPoint\",\"urlTemplate\":\"https:\\\/\\\/www.mataran-motocross.com\\\/?s={search_term_string}\"},\"query-input\":{\"@type\":\"PropertyValueSpecification\",\"valueRequired\":true,\"valueName\":\"search_term_string\"}}],\"inLanguage\":\"en-GB\"},{\"@type\":\"Organization\",\"@id\":\"https:\\\/\\\/www.mataran-motocross.com\\\/#organization\",\"name\":\"Mataran Distribution\",\"alternateName\":\"Mataran Distribution\",\"url\":\"https:\\\/\\\/www.mataran-motocross.com\\\/\",\"logo\":{\"@type\":\"ImageObject\",\"inLanguage\":\"en-GB\",\"@id\":\"https:\\\/\\\/www.mataran-motocross.com\\\/#\\\/schema\\\/logo\\\/image\\\/\",\"url\":\"https:\\\/\\\/i0.wp.com\\\/www.mataran-motocross.com\\\/wp-content\\\/uploads\\\/2023\\\/01\\\/logo_mataran.png?fit=269%2C86&ssl=1\",\"contentUrl\":\"https:\\\/\\\/i0.wp.com\\\/www.mataran-motocross.com\\\/wp-content\\\/uploads\\\/2023\\\/01\\\/logo_mataran.png?fit=269%2C86&ssl=1\",\"width\":269,\"height\":86,\"caption\":\"Mataran Distribution\"},\"image\":{\"@id\":\"https:\\\/\\\/www.mataran-motocross.com\\\/#\\\/schema\\\/logo\\\/image\\\/\"}}]}<\/script>\n<!-- \/ Yoast SEO plugin. -->","yoast_head_json":{"title":"Manillar 2.1 Series \"Purple\" - Mataran Distribution","description":"Disponible una gran variedad de manillares en 28,6 mm y 22 mm en diferentes medidas. Encuentra tu mayor perfecto, tambi\u00e9n disponibles pu\u00f1os, torretas...","robots":{"index":"index","follow":"follow","max-snippet":"max-snippet:-1","max-image-preview":"max-image-preview:large","max-video-preview":"max-video-preview:-1"},"canonical":"https:\/\/www.mataran-motocross.com\/en\/product\/manillar-21-series-purple\/","og_locale":"en_GB","og_type":"article","og_title":"Manillar 2.1 Series \"Purple\" - Mataran Distribution","og_description":"Disponible una gran variedad de manillares en 28,6 mm y 22 mm en diferentes medidas. Encuentra tu mayor perfecto, tambi\u00e9n disponibles pu\u00f1os, torretas...","og_url":"https:\/\/www.mataran-motocross.com\/en\/product\/manillar-21-series-purple\/","og_site_name":"Mataran Distribution","article_modified_time":"2026-03-31T14:53:42+00:00","og_image":[{"width":1500,"height":1500,"url":"https:\/\/www.mataran-motocross.com\/wp-content\/uploads\/2026\/02\/HANDLEBAR-MTR2-PURPLE-VINTAGE-2.1-SERIES-MOTOCROSS.webp","type":"image\/webp"}],"twitter_card":"summary_large_image","twitter_misc":{"Estimated reading time":"1 minute"},"schema":{"@context":"https:\/\/schema.org","@graph":[{"@type":"WebPage","@id":"https:\/\/www.mataran-motocross.com\/producto\/manillar-21-series-purple","url":"https:\/\/www.mataran-motocross.com\/producto\/manillar-21-series-purple","name":"Manillar 2.1 Series \"Purple\" - Mataran Distribution","isPartOf":{"@id":"https:\/\/www.mataran-motocross.com\/#website"},"primaryImageOfPage":{"@id":"https:\/\/www.mataran-motocross.com\/producto\/manillar-21-series-purple#primaryimage"},"image":{"@id":"https:\/\/www.mataran-motocross.com\/producto\/manillar-21-series-purple#primaryimage"},"thumbnailUrl":"https:\/\/i0.wp.com\/www.mataran-motocross.com\/wp-content\/uploads\/2026\/02\/HANDLEBAR-MTR2-PURPLE-VINTAGE-2.1-SERIES-MOTOCROSS.webp?fit=1500%2C1500&ssl=1","datePublished":"2026-02-09T11:31:02+00:00","dateModified":"2026-03-31T14:53:42+00:00","description":"Disponible una gran variedad de manillares en 28,6 mm y 22 mm en diferentes medidas. Encuentra tu mayor perfecto, tambi\u00e9n disponibles pu\u00f1os, torretas...","breadcrumb":{"@id":"https:\/\/www.mataran-motocross.com\/producto\/manillar-21-series-purple#breadcrumb"},"inLanguage":"en-GB","potentialAction":[{"@type":"ReadAction","target":["https:\/\/www.mataran-motocross.com\/producto\/manillar-21-series-purple"]}]},{"@type":"ImageObject","inLanguage":"en-GB","@id":"https:\/\/www.mataran-motocross.com\/producto\/manillar-21-series-purple#primaryimage","url":"https:\/\/i0.wp.com\/www.mataran-motocross.com\/wp-content\/uploads\/2026\/02\/HANDLEBAR-MTR2-PURPLE-VINTAGE-2.1-SERIES-MOTOCROSS.webp?fit=1500%2C1500&ssl=1","contentUrl":"https:\/\/i0.wp.com\/www.mataran-motocross.com\/wp-content\/uploads\/2026\/02\/HANDLEBAR-MTR2-PURPLE-VINTAGE-2.1-SERIES-MOTOCROSS.webp?fit=1500%2C1500&ssl=1","width":1500,"height":1500},{"@type":"BreadcrumbList","@id":"https:\/\/www.mataran-motocross.com\/producto\/manillar-21-series-purple#breadcrumb","itemListElement":[{"@type":"ListItem","position":1,"name":"Portada","item":"https:\/\/www.mataran-motocross.com\/"},{"@type":"ListItem","position":2,"name":"Tienda","item":"https:\/\/www.mataran-motocross.com\/tienda"},{"@type":"ListItem","position":3,"name":"Manillar 2.1 Series &#8220;Purple&#8221;"}]},{"@type":"WebSite","@id":"https:\/\/www.mataran-motocross.com\/#website","url":"https:\/\/www.mataran-motocross.com\/","name":"Mataran Distribution","description":"Off-Road | Tienda Distribuidor, Accesorios, Recambios, Equipaci\u00f3n...","publisher":{"@id":"https:\/\/www.mataran-motocross.com\/#organization"},"alternateName":"Mataran Distribution | Motocross, Enduro, MTB, BMX...","potentialAction":[{"@type":"SearchAction","target":{"@type":"EntryPoint","urlTemplate":"https:\/\/www.mataran-motocross.com\/?s={search_term_string}"},"query-input":{"@type":"PropertyValueSpecification","valueRequired":true,"valueName":"search_term_string"}}],"inLanguage":"en-GB"},{"@type":"Organization","@id":"https:\/\/www.mataran-motocross.com\/#organization","name":"Mataran Distribution","alternateName":"Mataran Distribution","url":"https:\/\/www.mataran-motocross.com\/","logo":{"@type":"ImageObject","inLanguage":"en-GB","@id":"https:\/\/www.mataran-motocross.com\/#\/schema\/logo\/image\/","url":"https:\/\/i0.wp.com\/www.mataran-motocross.com\/wp-content\/uploads\/2023\/01\/logo_mataran.png?fit=269%2C86&ssl=1","contentUrl":"https:\/\/i0.wp.com\/www.mataran-motocross.com\/wp-content\/uploads\/2023\/01\/logo_mataran.png?fit=269%2C86&ssl=1","width":269,"height":86,"caption":"Mataran Distribution"},"image":{"@id":"https:\/\/www.mataran-motocross.com\/#\/schema\/logo\/image\/"}}]}},"jetpack_sharing_enabled":true,"_links":{"self":[{"href":"https:\/\/www.mataran-motocross.com\/en\/wp-json\/wp\/v2\/product\/14337","targetHints":{"allow":["GET"]}}],"collection":[{"href":"https:\/\/www.mataran-motocross.com\/en\/wp-json\/wp\/v2\/product"}],"about":[{"href":"https:\/\/www.mataran-motocross.com\/en\/wp-json\/wp\/v2\/types\/product"}],"wp:featuredmedia":[{"embeddable":true,"href":"https:\/\/www.mataran-motocross.com\/en\/wp-json\/wp\/v2\/media\/14358"}],"wp:attachment":[{"href":"https:\/\/www.mataran-motocross.com\/en\/wp-json\/wp\/v2\/media?parent=14337"}],"wp:term":[{"taxonomy":"product_brand","embeddable":true,"href":"https:\/\/www.mataran-motocross.com\/en\/wp-json\/wp\/v2\/product_brand?post=14337"},{"taxonomy":"product_cat","embeddable":true,"href":"https:\/\/www.mataran-motocross.com\/en\/wp-json\/wp\/v2\/product_cat?post=14337"},{"taxonomy":"product_tag","embeddable":true,"href":"https:\/\/www.mataran-motocross.com\/en\/wp-json\/wp\/v2\/product_tag?post=14337"}],"curies":[{"name":"wp","href":"https:\/\/api.w.org\/{rel}","templated":true}]}}