{"id":14372,"date":"2026-02-10T11:55:08","date_gmt":"2026-02-10T10:55:08","guid":{"rendered":"https:\/\/www.mataran-motocross.com\/?post_type=product&#038;p=14372"},"modified":"2026-04-22T11:39:49","modified_gmt":"2026-04-22T09:39:49","slug":"manillar-st-series","status":"publish","type":"product","link":"https:\/\/www.mataran-motocross.com\/en\/product\/manillar-st-series","title":{"rendered":"Handlebar ST Series"},"content":{"rendered":"<ul>\n<li>Handlebar MTR-2 ST Series<\/li>\n<li>Made of 6061 T6 aluminum<\/li>\n<li>Innovative design in its form<\/li>\n<li>Dotted on the left end of the handlebar for added grip on the grip<\/li>\n<li>MTR-2 logo engraved on the handlebar<\/li>\n<li>Available in different sizes<\/li>\n<li>Diameter 28.6 mm<\/li>\n<\/ul>","protected":false},"excerpt":{"rendered":"<p>The ST Series handlebar is the model of the intermediate range.<br \/>\nEl manillar ofrece al igual que la Serie 2.1 los mismos acabados a diferencia de su composici\u00f3n en Aluminio 6061 T6, un nuevo concepto debido a su mayor di\u00e1metro de 28,6 mm en la parte superior justo en la curva antes de los controles con la medida standard, a diferencia de otros manillares esto ofrecer\u00e1 una mayor resistencia en caso de ca\u00edda.<br \/>\nIts different measures and options offer you extra comfort when riding your motorcycle.<br \/>\nA good choice will make the difference in your comfort.<\/p>","protected":false},"featured_media":14514,"template":"","meta":{"site-sidebar-layout":"default","site-content-layout":"default","ast-site-content-layout":"default","site-content-style":"default","site-sidebar-style":"default","ast-global-header-display":"","ast-banner-title-visibility":"","ast-main-header-display":"","ast-hfb-above-header-display":"","ast-hfb-below-header-display":"","ast-hfb-mobile-header-display":"","site-post-title":"","ast-breadcrumbs-content":"","ast-featured-img":"","footer-sml-layout":"","ast-disable-related-posts":"","theme-transparent-header-meta":"default","adv-header-id-meta":"","stick-header-meta":"","header-above-stick-meta":"","header-main-stick-meta":"","header-below-stick-meta":"","astra-migrate-meta-layouts":"set","ast-page-background-enabled":"default","ast-page-background-meta":{"desktop":{"background-color":"","background-image":"","background-repeat":"repeat","background-position":"center center","background-size":"auto","background-attachment":"scroll","background-type":"","background-media":"","overlay-type":"","overlay-color":"","overlay-opacity":"","overlay-gradient":""},"tablet":{"background-color":"","background-image":"","background-repeat":"repeat","background-position":"center center","background-size":"auto","background-attachment":"scroll","background-type":"","background-media":"","overlay-type":"","overlay-color":"","overlay-opacity":"","overlay-gradient":""},"mobile":{"background-color":"","background-image":"","background-repeat":"repeat","background-position":"center center","background-size":"auto","background-attachment":"scroll","background-type":"","background-media":"","overlay-type":"","overlay-color":"","overlay-opacity":"","overlay-gradient":""}},"ast-content-background-meta":{"desktop":{"background-color":"var(--ast-global-color-5)","background-image":"","background-repeat":"repeat","background-position":"center center","background-size":"auto","background-attachment":"scroll","background-type":"","background-media":"","overlay-type":"","overlay-color":"","overlay-opacity":"","overlay-gradient":""},"tablet":{"background-color":"var(--ast-global-color-5)","background-image":"","background-repeat":"repeat","background-position":"center center","background-size":"auto","background-attachment":"scroll","background-type":"","background-media":"","overlay-type":"","overlay-color":"","overlay-opacity":"","overlay-gradient":""},"mobile":{"background-color":"var(--ast-global-color-5)","background-image":"","background-repeat":"repeat","background-position":"center center","background-size":"auto","background-attachment":"scroll","background-type":"","background-media":"","overlay-type":"","overlay-color":"","overlay-opacity":"","overlay-gradient":""}}},"product_brand":[],"product_cat":[44],"product_tag":[1038,1019,1039,1020,1044,932,930,1043,931,1021,1022,1023,1055,1045,35,1040,39,1024,1025,1051,1048,1052,33,1050,1047,1049,1026,1036,1035,1034,1053,1033,1041,1032,1042,1031,1028,1030,1027,1037,1029,1054,942,940,1046],"class_list":{"0":"post-14372","1":"product","2":"type-product","3":"status-publish","4":"has-post-thumbnail","6":"product_cat-manillares-manillares","7":"product_tag-guidao-28-mm","8":"product_tag-guidao-motocross","9":"product_tag-guidao-mtr-2","10":"product_tag-guidao-renthal","11":"product_tag-guidon-28-mm","12":"product_tag-guidon-enduro","13":"product_tag-guidon-motocross","14":"product_tag-guidon-mtr2","15":"product_tag-guidon-neken","16":"product_tag-guidon-protaper","17":"product_tag-guidon-renthal","18":"product_tag-guidon-scar","19":"product_tag-guidon-twinwall","20":"product_tag-guidon-vintage","21":"product_tag-handlebar-enduro","22":"product_tag-handlebar-mtr-2","23":"product_tag-handlebars-motocross","24":"product_tag-handlebars-protaper","25":"product_tag-handlebars-renthal","26":"product_tag-manillar-28-motocross","27":"product_tag-manillar-enduro-neken","28":"product_tag-manillar-honda-crf","29":"product_tag-manillar-motocross","30":"product_tag-manillar-mtr2","31":"product_tag-manillar-neken","32":"product_tag-manillar-serie-ktm","33":"product_tag-manillares-motocross","34":"product_tag-manubrio-22-mm","35":"product_tag-manubrio-28-mm","36":"product_tag-manubrio-28mm","37":"product_tag-manubrio-enduro","38":"product_tag-manubrio-fatbar","39":"product_tag-manubrio-mika","40":"product_tag-manubrio-motocross","41":"product_tag-manubrio-mtr-2","42":"product_tag-manubrio-neken","43":"product_tag-manubrio-pbr","44":"product_tag-manubrio-protaper","45":"product_tag-manubrio-renthal","46":"product_tag-manubrio-scar","47":"product_tag-manubrio-tomasselli","48":"product_tag-manubrio-vintage","49":"product_tag-renthal-fatbar","50":"product_tag-renthal-twinwall","51":"product_tag-renthal-vintage","52":"desktop-align-left","53":"tablet-align-left","54":"mobile-align-left","56":"first","57":"instock","58":"taxable","59":"shipping-taxable","60":"purchasable","61":"product-type-variable"},"yoast_head":"<!-- This site is optimized with the Yoast SEO plugin v27.5 - https:\/\/yoast.com\/product\/yoast-seo-wordpress\/ -->\n<title>Manillar ST Series - Mataran Distribution<\/title>\n<meta name=\"robots\" content=\"index, follow, max-snippet:-1, max-image-preview:large, max-video-preview:-1\" \/>\n<link rel=\"canonical\" href=\"https:\/\/www.mataran-motocross.com\/en\/product\/manillar-st-series\/\" \/>\n<meta property=\"og:locale\" content=\"en_GB\" \/>\n<meta property=\"og:type\" content=\"article\" \/>\n<meta property=\"og:title\" content=\"Manillar ST Series - Mataran Distribution\" \/>\n<meta property=\"og:description\" content=\"El manillar ST Series es el modelo de la gama intermedia. El manillar ofrece al igual que la Serie 2.1 los mismos acabados a diferencia de su composici\u00f3n en Aluminio 6061 T6, un nuevo concepto debido a su mayor di\u00e1metro de 28,6 mm en la parte superior justo en la curva antes de los controles con la medida standard, a diferencia de otros manillares esto ofrecer\u00e1 una mayor resistencia en caso de ca\u00edda. Sus diferentes medidas y opciones le ofrecen una comodidad extra en el pilotaje de su moto. Una buena elecci\u00f3n marcar\u00e1 la diferencia en su comodidad.\" \/>\n<meta property=\"og:url\" content=\"https:\/\/www.mataran-motocross.com\/en\/product\/manillar-st-series\/\" \/>\n<meta property=\"og:site_name\" content=\"Mataran Distribution\" \/>\n<meta property=\"article:modified_time\" content=\"2026-04-22T09:39:49+00:00\" \/>\n<meta property=\"og:image\" content=\"https:\/\/www.mataran-motocross.com\/wp-content\/uploads\/2026\/02\/HANDLEBAR-MTR2-ST-SERIES.webp\" \/>\n\t<meta property=\"og:image:width\" content=\"1500\" \/>\n\t<meta property=\"og:image:height\" content=\"1500\" \/>\n\t<meta property=\"og:image:type\" content=\"image\/webp\" \/>\n<meta name=\"twitter:card\" content=\"summary_large_image\" \/>\n<meta name=\"twitter:label1\" content=\"Estimated reading time\" \/>\n\t<meta name=\"twitter:data1\" content=\"1 minute\" \/>\n<script type=\"application\/ld+json\" class=\"yoast-schema-graph\">{\"@context\":\"https:\\\/\\\/schema.org\",\"@graph\":[{\"@type\":\"WebPage\",\"@id\":\"https:\\\/\\\/www.mataran-motocross.com\\\/producto\\\/manillar-st-series\",\"url\":\"https:\\\/\\\/www.mataran-motocross.com\\\/producto\\\/manillar-st-series\",\"name\":\"Manillar ST Series - Mataran Distribution\",\"isPartOf\":{\"@id\":\"https:\\\/\\\/www.mataran-motocross.com\\\/#website\"},\"primaryImageOfPage\":{\"@id\":\"https:\\\/\\\/www.mataran-motocross.com\\\/producto\\\/manillar-st-series#primaryimage\"},\"image\":{\"@id\":\"https:\\\/\\\/www.mataran-motocross.com\\\/producto\\\/manillar-st-series#primaryimage\"},\"thumbnailUrl\":\"https:\\\/\\\/i0.wp.com\\\/www.mataran-motocross.com\\\/wp-content\\\/uploads\\\/2026\\\/02\\\/HANDLEBAR-MTR2-ST-SERIES.webp?fit=1500%2C1500&ssl=1\",\"datePublished\":\"2026-02-10T10:55:08+00:00\",\"dateModified\":\"2026-04-22T09:39:49+00:00\",\"breadcrumb\":{\"@id\":\"https:\\\/\\\/www.mataran-motocross.com\\\/producto\\\/manillar-st-series#breadcrumb\"},\"inLanguage\":\"en-GB\",\"potentialAction\":[{\"@type\":\"ReadAction\",\"target\":[\"https:\\\/\\\/www.mataran-motocross.com\\\/producto\\\/manillar-st-series\"]}]},{\"@type\":\"ImageObject\",\"inLanguage\":\"en-GB\",\"@id\":\"https:\\\/\\\/www.mataran-motocross.com\\\/producto\\\/manillar-st-series#primaryimage\",\"url\":\"https:\\\/\\\/i0.wp.com\\\/www.mataran-motocross.com\\\/wp-content\\\/uploads\\\/2026\\\/02\\\/HANDLEBAR-MTR2-ST-SERIES.webp?fit=1500%2C1500&ssl=1\",\"contentUrl\":\"https:\\\/\\\/i0.wp.com\\\/www.mataran-motocross.com\\\/wp-content\\\/uploads\\\/2026\\\/02\\\/HANDLEBAR-MTR2-ST-SERIES.webp?fit=1500%2C1500&ssl=1\",\"width\":1500,\"height\":1500},{\"@type\":\"BreadcrumbList\",\"@id\":\"https:\\\/\\\/www.mataran-motocross.com\\\/producto\\\/manillar-st-series#breadcrumb\",\"itemListElement\":[{\"@type\":\"ListItem\",\"position\":1,\"name\":\"Portada\",\"item\":\"https:\\\/\\\/www.mataran-motocross.com\\\/\"},{\"@type\":\"ListItem\",\"position\":2,\"name\":\"Tienda\",\"item\":\"https:\\\/\\\/www.mataran-motocross.com\\\/tienda\"},{\"@type\":\"ListItem\",\"position\":3,\"name\":\"Manillar ST Series\"}]},{\"@type\":\"WebSite\",\"@id\":\"https:\\\/\\\/www.mataran-motocross.com\\\/#website\",\"url\":\"https:\\\/\\\/www.mataran-motocross.com\\\/\",\"name\":\"Mataran Distribution\",\"description\":\"Off-Road | Tienda Distribuidor, Accesorios, Recambios, Equipaci\u00f3n...\",\"publisher\":{\"@id\":\"https:\\\/\\\/www.mataran-motocross.com\\\/#organization\"},\"alternateName\":\"Mataran Distribution | Motocross, Enduro, MTB, BMX...\",\"potentialAction\":[{\"@type\":\"SearchAction\",\"target\":{\"@type\":\"EntryPoint\",\"urlTemplate\":\"https:\\\/\\\/www.mataran-motocross.com\\\/?s={search_term_string}\"},\"query-input\":{\"@type\":\"PropertyValueSpecification\",\"valueRequired\":true,\"valueName\":\"search_term_string\"}}],\"inLanguage\":\"en-GB\"},{\"@type\":\"Organization\",\"@id\":\"https:\\\/\\\/www.mataran-motocross.com\\\/#organization\",\"name\":\"Mataran Distribution\",\"alternateName\":\"Mataran Distribution\",\"url\":\"https:\\\/\\\/www.mataran-motocross.com\\\/\",\"logo\":{\"@type\":\"ImageObject\",\"inLanguage\":\"en-GB\",\"@id\":\"https:\\\/\\\/www.mataran-motocross.com\\\/#\\\/schema\\\/logo\\\/image\\\/\",\"url\":\"https:\\\/\\\/i0.wp.com\\\/www.mataran-motocross.com\\\/wp-content\\\/uploads\\\/2023\\\/01\\\/logo_mataran.png?fit=269%2C86&ssl=1\",\"contentUrl\":\"https:\\\/\\\/i0.wp.com\\\/www.mataran-motocross.com\\\/wp-content\\\/uploads\\\/2023\\\/01\\\/logo_mataran.png?fit=269%2C86&ssl=1\",\"width\":269,\"height\":86,\"caption\":\"Mataran Distribution\"},\"image\":{\"@id\":\"https:\\\/\\\/www.mataran-motocross.com\\\/#\\\/schema\\\/logo\\\/image\\\/\"}}]}<\/script>\n<!-- \/ Yoast SEO plugin. -->","yoast_head_json":{"title":"Manillar ST Series - Mataran Distribution","robots":{"index":"index","follow":"follow","max-snippet":"max-snippet:-1","max-image-preview":"max-image-preview:large","max-video-preview":"max-video-preview:-1"},"canonical":"https:\/\/www.mataran-motocross.com\/en\/product\/manillar-st-series\/","og_locale":"en_GB","og_type":"article","og_title":"Manillar ST Series - Mataran Distribution","og_description":"El manillar ST Series es el modelo de la gama intermedia. El manillar ofrece al igual que la Serie 2.1 los mismos acabados a diferencia de su composici\u00f3n en Aluminio 6061 T6, un nuevo concepto debido a su mayor di\u00e1metro de 28,6 mm en la parte superior justo en la curva antes de los controles con la medida standard, a diferencia de otros manillares esto ofrecer\u00e1 una mayor resistencia en caso de ca\u00edda. Sus diferentes medidas y opciones le ofrecen una comodidad extra en el pilotaje de su moto. Una buena elecci\u00f3n marcar\u00e1 la diferencia en su comodidad.","og_url":"https:\/\/www.mataran-motocross.com\/en\/product\/manillar-st-series\/","og_site_name":"Mataran Distribution","article_modified_time":"2026-04-22T09:39:49+00:00","og_image":[{"width":1500,"height":1500,"url":"https:\/\/www.mataran-motocross.com\/wp-content\/uploads\/2026\/02\/HANDLEBAR-MTR2-ST-SERIES.webp","type":"image\/webp"}],"twitter_card":"summary_large_image","twitter_misc":{"Estimated reading time":"1 minute"},"schema":{"@context":"https:\/\/schema.org","@graph":[{"@type":"WebPage","@id":"https:\/\/www.mataran-motocross.com\/producto\/manillar-st-series","url":"https:\/\/www.mataran-motocross.com\/producto\/manillar-st-series","name":"Manillar ST Series - Mataran Distribution","isPartOf":{"@id":"https:\/\/www.mataran-motocross.com\/#website"},"primaryImageOfPage":{"@id":"https:\/\/www.mataran-motocross.com\/producto\/manillar-st-series#primaryimage"},"image":{"@id":"https:\/\/www.mataran-motocross.com\/producto\/manillar-st-series#primaryimage"},"thumbnailUrl":"https:\/\/i0.wp.com\/www.mataran-motocross.com\/wp-content\/uploads\/2026\/02\/HANDLEBAR-MTR2-ST-SERIES.webp?fit=1500%2C1500&ssl=1","datePublished":"2026-02-10T10:55:08+00:00","dateModified":"2026-04-22T09:39:49+00:00","breadcrumb":{"@id":"https:\/\/www.mataran-motocross.com\/producto\/manillar-st-series#breadcrumb"},"inLanguage":"en-GB","potentialAction":[{"@type":"ReadAction","target":["https:\/\/www.mataran-motocross.com\/producto\/manillar-st-series"]}]},{"@type":"ImageObject","inLanguage":"en-GB","@id":"https:\/\/www.mataran-motocross.com\/producto\/manillar-st-series#primaryimage","url":"https:\/\/i0.wp.com\/www.mataran-motocross.com\/wp-content\/uploads\/2026\/02\/HANDLEBAR-MTR2-ST-SERIES.webp?fit=1500%2C1500&ssl=1","contentUrl":"https:\/\/i0.wp.com\/www.mataran-motocross.com\/wp-content\/uploads\/2026\/02\/HANDLEBAR-MTR2-ST-SERIES.webp?fit=1500%2C1500&ssl=1","width":1500,"height":1500},{"@type":"BreadcrumbList","@id":"https:\/\/www.mataran-motocross.com\/producto\/manillar-st-series#breadcrumb","itemListElement":[{"@type":"ListItem","position":1,"name":"Portada","item":"https:\/\/www.mataran-motocross.com\/"},{"@type":"ListItem","position":2,"name":"Tienda","item":"https:\/\/www.mataran-motocross.com\/tienda"},{"@type":"ListItem","position":3,"name":"Manillar ST Series"}]},{"@type":"WebSite","@id":"https:\/\/www.mataran-motocross.com\/#website","url":"https:\/\/www.mataran-motocross.com\/","name":"Mataran Distribution","description":"Off-Road | Tienda Distribuidor, Accesorios, Recambios, Equipaci\u00f3n...","publisher":{"@id":"https:\/\/www.mataran-motocross.com\/#organization"},"alternateName":"Mataran Distribution | Motocross, Enduro, MTB, BMX...","potentialAction":[{"@type":"SearchAction","target":{"@type":"EntryPoint","urlTemplate":"https:\/\/www.mataran-motocross.com\/?s={search_term_string}"},"query-input":{"@type":"PropertyValueSpecification","valueRequired":true,"valueName":"search_term_string"}}],"inLanguage":"en-GB"},{"@type":"Organization","@id":"https:\/\/www.mataran-motocross.com\/#organization","name":"Mataran Distribution","alternateName":"Mataran Distribution","url":"https:\/\/www.mataran-motocross.com\/","logo":{"@type":"ImageObject","inLanguage":"en-GB","@id":"https:\/\/www.mataran-motocross.com\/#\/schema\/logo\/image\/","url":"https:\/\/i0.wp.com\/www.mataran-motocross.com\/wp-content\/uploads\/2023\/01\/logo_mataran.png?fit=269%2C86&ssl=1","contentUrl":"https:\/\/i0.wp.com\/www.mataran-motocross.com\/wp-content\/uploads\/2023\/01\/logo_mataran.png?fit=269%2C86&ssl=1","width":269,"height":86,"caption":"Mataran Distribution"},"image":{"@id":"https:\/\/www.mataran-motocross.com\/#\/schema\/logo\/image\/"}}]}},"jetpack_sharing_enabled":true,"_links":{"self":[{"href":"https:\/\/www.mataran-motocross.com\/en\/wp-json\/wp\/v2\/product\/14372","targetHints":{"allow":["GET"]}}],"collection":[{"href":"https:\/\/www.mataran-motocross.com\/en\/wp-json\/wp\/v2\/product"}],"about":[{"href":"https:\/\/www.mataran-motocross.com\/en\/wp-json\/wp\/v2\/types\/product"}],"wp:featuredmedia":[{"embeddable":true,"href":"https:\/\/www.mataran-motocross.com\/en\/wp-json\/wp\/v2\/media\/14514"}],"wp:attachment":[{"href":"https:\/\/www.mataran-motocross.com\/en\/wp-json\/wp\/v2\/media?parent=14372"}],"wp:term":[{"taxonomy":"product_brand","embeddable":true,"href":"https:\/\/www.mataran-motocross.com\/en\/wp-json\/wp\/v2\/product_brand?post=14372"},{"taxonomy":"product_cat","embeddable":true,"href":"https:\/\/www.mataran-motocross.com\/en\/wp-json\/wp\/v2\/product_cat?post=14372"},{"taxonomy":"product_tag","embeddable":true,"href":"https:\/\/www.mataran-motocross.com\/en\/wp-json\/wp\/v2\/product_tag?post=14372"}],"curies":[{"name":"wp","href":"https:\/\/api.w.org\/{rel}","templated":true}]}}