{"id":2887,"date":"2021-07-15T11:12:23","date_gmt":"2021-07-15T09:12:23","guid":{"rendered":"http:\/\/s311126158.mialojamiento.es\/producto\/pastilla-de-freno-delantera-85-ktm-hva-gasgas"},"modified":"2025-11-27T10:10:22","modified_gmt":"2025-11-27T09:10:22","slug":"pastilla-de-freno-delantera-85-ktm-hva-gasgas","status":"publish","type":"product","link":"https:\/\/www.mataran-motocross.com\/en\/product\/pastilla-de-freno-delantera-85-ktm-hva-gasgas","title":{"rendered":"Pastilla de freno delantera 85 KTM SX \/ Husqvarna TC Hasta 2020"},"content":{"rendered":"<p>Husqvarna TC 85 2014-2020<br \/>\nKTM SX 85 2012-2020<br \/>\nKTM FREERIDE 250 F 2018-2020<br \/>\nKTM FREERIDE 250 R 2013-2017<br \/>\nKTM FREERIDE 350 2012-2017<br \/>\nKTM FREERIDE 2012-2014<br \/>\nKTM FREERIDE E-EXC 2018>\u2026<br \/>\nKTM FREERIDE E-SM 2015>\u2026<br \/>\nKTM FREERIDE E-SX 2015>\u2026<br \/>\nKTM FREERIDE E-XC 2015>\u2026<br \/>\nIMR PITBIKE IMR GP20 160 2022>\u2026<br \/>\nIMR PITBIKE IMR GP20 190-212 2023>\u2026<\/p>","protected":false},"excerpt":{"rendered":"<p>MTR-2 brake pads are high performance sintered metal brake pads, with a mix of materials that have been formulated to extend the life of the pad. Designed to produce constant and progressive stopping power in the most extreme off-road conditions, motocross, supercross, enduro, rally ...<\/p>","protected":false},"featured_media":5303,"template":"","meta":{"site-sidebar-layout":"default","site-content-layout":"","ast-site-content-layout":"default","site-content-style":"default","site-sidebar-style":"default","ast-global-header-display":"","ast-banner-title-visibility":"","ast-main-header-display":"","ast-hfb-above-header-display":"","ast-hfb-below-header-display":"","ast-hfb-mobile-header-display":"","site-post-title":"","ast-breadcrumbs-content":"","ast-featured-img":"","footer-sml-layout":"","ast-disable-related-posts":"","theme-transparent-header-meta":"default","adv-header-id-meta":"","stick-header-meta":"","header-above-stick-meta":"","header-main-stick-meta":"","header-below-stick-meta":"","astra-migrate-meta-layouts":"set","ast-page-background-enabled":"default","ast-page-background-meta":{"desktop":{"background-color":"","background-image":"","background-repeat":"repeat","background-position":"center center","background-size":"auto","background-attachment":"scroll","background-type":"","background-media":"","overlay-type":"","overlay-color":"","overlay-opacity":"","overlay-gradient":""},"tablet":{"background-color":"","background-image":"","background-repeat":"repeat","background-position":"center center","background-size":"auto","background-attachment":"scroll","background-type":"","background-media":"","overlay-type":"","overlay-color":"","overlay-opacity":"","overlay-gradient":""},"mobile":{"background-color":"","background-image":"","background-repeat":"repeat","background-position":"center center","background-size":"auto","background-attachment":"scroll","background-type":"","background-media":"","overlay-type":"","overlay-color":"","overlay-opacity":"","overlay-gradient":""}},"ast-content-background-meta":{"desktop":{"background-color":"var(--ast-global-color-5)","background-image":"","background-repeat":"repeat","background-position":"center center","background-size":"auto","background-attachment":"scroll","background-type":"","background-media":"","overlay-type":"","overlay-color":"","overlay-opacity":"","overlay-gradient":""},"tablet":{"background-color":"var(--ast-global-color-5)","background-image":"","background-repeat":"repeat","background-position":"center center","background-size":"auto","background-attachment":"scroll","background-type":"","background-media":"","overlay-type":"","overlay-color":"","overlay-opacity":"","overlay-gradient":""},"mobile":{"background-color":"var(--ast-global-color-5)","background-image":"","background-repeat":"repeat","background-position":"center center","background-size":"auto","background-attachment":"scroll","background-type":"","background-media":"","overlay-type":"","overlay-color":"","overlay-opacity":"","overlay-gradient":""}}},"product_brand":[],"product_cat":[228,237],"product_tag":[],"class_list":{"0":"post-2887","1":"product","2":"type-product","3":"status-publish","4":"has-post-thumbnail","6":"product_cat-outlet","7":"product_cat-pastillas-freno-frenos","8":"desktop-align-left","9":"tablet-align-left","10":"mobile-align-left","12":"first","13":"instock","14":"taxable","15":"shipping-taxable","16":"purchasable","17":"product-type-simple"},"yoast_head":"<!-- This site is optimized with the Yoast SEO plugin v27.6 - https:\/\/yoast.com\/product\/yoast-seo-wordpress\/ -->\n<title>Pastilla de freno delantera 85 KTM SX \/ Husqvarna TC Hasta 2020 - Mataran Distribution<\/title>\n<meta name=\"robots\" content=\"index, follow, max-snippet:-1, max-image-preview:large, max-video-preview:-1\" \/>\n<link rel=\"canonical\" href=\"https:\/\/www.mataran-motocross.com\/en\/product\/pastilla-de-freno-delantera-85-ktm-hva-gasgas\/\" \/>\n<meta property=\"og:locale\" content=\"en_GB\" \/>\n<meta property=\"og:type\" content=\"article\" \/>\n<meta property=\"og:title\" content=\"Pastilla de freno delantera 85 KTM SX \/ Husqvarna TC Hasta 2020 - Mataran Distribution\" \/>\n<meta property=\"og:description\" content=\"Las pastillas de freno MTR-2 son pastillas de freno de metal sinterizado de alto rendimiento, con una mezcla de materiales que ha sido formulada para prolongar la vida \u00fatil de la pastilla. Dise\u00f1ado para producir una potencia de frenado constante y progresiva en las condiciones off-road m\u00e1s extremas, motocross, supercross, enduro, rally\u2026\" \/>\n<meta property=\"og:url\" content=\"https:\/\/www.mataran-motocross.com\/en\/product\/pastilla-de-freno-delantera-85-ktm-hva-gasgas\/\" \/>\n<meta property=\"og:site_name\" content=\"Mataran Distribution\" \/>\n<meta property=\"article:modified_time\" content=\"2025-11-27T09:10:22+00:00\" \/>\n<meta property=\"og:image\" content=\"https:\/\/www.mataran-motocross.com\/wp-content\/uploads\/2021\/10\/MTR-2-BRAKE-PADS-MOTOCROSS-ENDURO-SINTERED-KTM-GASGAS-HUSQVARNA-85-8100235.jpg\" \/>\n\t<meta property=\"og:image:width\" content=\"500\" \/>\n\t<meta property=\"og:image:height\" content=\"500\" \/>\n\t<meta property=\"og:image:type\" content=\"image\/jpeg\" \/>\n<meta name=\"twitter:card\" content=\"summary_large_image\" \/>\n<meta name=\"twitter:label1\" content=\"Estimated reading time\" \/>\n\t<meta name=\"twitter:data1\" content=\"1 minute\" \/>\n<script type=\"application\/ld+json\" class=\"yoast-schema-graph\">{\"@context\":\"https:\\\/\\\/schema.org\",\"@graph\":[{\"@type\":\"WebPage\",\"@id\":\"https:\\\/\\\/www.mataran-motocross.com\\\/producto\\\/pastilla-de-freno-delantera-85-ktm-hva-gasgas\",\"url\":\"https:\\\/\\\/www.mataran-motocross.com\\\/producto\\\/pastilla-de-freno-delantera-85-ktm-hva-gasgas\",\"name\":\"Pastilla de freno delantera 85 KTM SX \\\/ Husqvarna TC Hasta 2020 - Mataran Distribution\",\"isPartOf\":{\"@id\":\"https:\\\/\\\/www.mataran-motocross.com\\\/#website\"},\"primaryImageOfPage\":{\"@id\":\"https:\\\/\\\/www.mataran-motocross.com\\\/producto\\\/pastilla-de-freno-delantera-85-ktm-hva-gasgas#primaryimage\"},\"image\":{\"@id\":\"https:\\\/\\\/www.mataran-motocross.com\\\/producto\\\/pastilla-de-freno-delantera-85-ktm-hva-gasgas#primaryimage\"},\"thumbnailUrl\":\"https:\\\/\\\/i0.wp.com\\\/www.mataran-motocross.com\\\/wp-content\\\/uploads\\\/2021\\\/10\\\/MTR-2-BRAKE-PADS-MOTOCROSS-ENDURO-SINTERED-KTM-GASGAS-HUSQVARNA-85-8100235.jpg?fit=500%2C500&ssl=1\",\"datePublished\":\"2021-07-15T09:12:23+00:00\",\"dateModified\":\"2025-11-27T09:10:22+00:00\",\"breadcrumb\":{\"@id\":\"https:\\\/\\\/www.mataran-motocross.com\\\/producto\\\/pastilla-de-freno-delantera-85-ktm-hva-gasgas#breadcrumb\"},\"inLanguage\":\"en-GB\",\"potentialAction\":[{\"@type\":\"ReadAction\",\"target\":[\"https:\\\/\\\/www.mataran-motocross.com\\\/producto\\\/pastilla-de-freno-delantera-85-ktm-hva-gasgas\"]}]},{\"@type\":\"ImageObject\",\"inLanguage\":\"en-GB\",\"@id\":\"https:\\\/\\\/www.mataran-motocross.com\\\/producto\\\/pastilla-de-freno-delantera-85-ktm-hva-gasgas#primaryimage\",\"url\":\"https:\\\/\\\/i0.wp.com\\\/www.mataran-motocross.com\\\/wp-content\\\/uploads\\\/2021\\\/10\\\/MTR-2-BRAKE-PADS-MOTOCROSS-ENDURO-SINTERED-KTM-GASGAS-HUSQVARNA-85-8100235.jpg?fit=500%2C500&ssl=1\",\"contentUrl\":\"https:\\\/\\\/i0.wp.com\\\/www.mataran-motocross.com\\\/wp-content\\\/uploads\\\/2021\\\/10\\\/MTR-2-BRAKE-PADS-MOTOCROSS-ENDURO-SINTERED-KTM-GASGAS-HUSQVARNA-85-8100235.jpg?fit=500%2C500&ssl=1\",\"width\":500,\"height\":500},{\"@type\":\"BreadcrumbList\",\"@id\":\"https:\\\/\\\/www.mataran-motocross.com\\\/producto\\\/pastilla-de-freno-delantera-85-ktm-hva-gasgas#breadcrumb\",\"itemListElement\":[{\"@type\":\"ListItem\",\"position\":1,\"name\":\"Portada\",\"item\":\"https:\\\/\\\/www.mataran-motocross.com\\\/\"},{\"@type\":\"ListItem\",\"position\":2,\"name\":\"Tienda\",\"item\":\"https:\\\/\\\/www.mataran-motocross.com\\\/tienda\"},{\"@type\":\"ListItem\",\"position\":3,\"name\":\"Pastilla de freno delantera 85 KTM SX \\\/ Husqvarna TC Hasta 2020\"}]},{\"@type\":\"WebSite\",\"@id\":\"https:\\\/\\\/www.mataran-motocross.com\\\/#website\",\"url\":\"https:\\\/\\\/www.mataran-motocross.com\\\/\",\"name\":\"Mataran Distribution\",\"description\":\"Off-Road | Tienda Distribuidor, Accesorios, Recambios, Equipaci\u00f3n...\",\"publisher\":{\"@id\":\"https:\\\/\\\/www.mataran-motocross.com\\\/#organization\"},\"alternateName\":\"Mataran Distribution | Motocross, Enduro, MTB, BMX...\",\"potentialAction\":[{\"@type\":\"SearchAction\",\"target\":{\"@type\":\"EntryPoint\",\"urlTemplate\":\"https:\\\/\\\/www.mataran-motocross.com\\\/?s={search_term_string}\"},\"query-input\":{\"@type\":\"PropertyValueSpecification\",\"valueRequired\":true,\"valueName\":\"search_term_string\"}}],\"inLanguage\":\"en-GB\"},{\"@type\":\"Organization\",\"@id\":\"https:\\\/\\\/www.mataran-motocross.com\\\/#organization\",\"name\":\"Mataran Distribution\",\"alternateName\":\"Mataran Distribution\",\"url\":\"https:\\\/\\\/www.mataran-motocross.com\\\/\",\"logo\":{\"@type\":\"ImageObject\",\"inLanguage\":\"en-GB\",\"@id\":\"https:\\\/\\\/www.mataran-motocross.com\\\/#\\\/schema\\\/logo\\\/image\\\/\",\"url\":\"https:\\\/\\\/i0.wp.com\\\/www.mataran-motocross.com\\\/wp-content\\\/uploads\\\/2023\\\/01\\\/logo_mataran.png?fit=269%2C86&ssl=1\",\"contentUrl\":\"https:\\\/\\\/i0.wp.com\\\/www.mataran-motocross.com\\\/wp-content\\\/uploads\\\/2023\\\/01\\\/logo_mataran.png?fit=269%2C86&ssl=1\",\"width\":269,\"height\":86,\"caption\":\"Mataran Distribution\"},\"image\":{\"@id\":\"https:\\\/\\\/www.mataran-motocross.com\\\/#\\\/schema\\\/logo\\\/image\\\/\"}}]}<\/script>\n<!-- \/ Yoast SEO plugin. -->","yoast_head_json":{"title":"Pastilla de freno delantera 85 KTM SX \/ Husqvarna TC Hasta 2020 - Mataran Distribution","robots":{"index":"index","follow":"follow","max-snippet":"max-snippet:-1","max-image-preview":"max-image-preview:large","max-video-preview":"max-video-preview:-1"},"canonical":"https:\/\/www.mataran-motocross.com\/en\/product\/pastilla-de-freno-delantera-85-ktm-hva-gasgas\/","og_locale":"en_GB","og_type":"article","og_title":"Pastilla de freno delantera 85 KTM SX \/ Husqvarna TC Hasta 2020 - Mataran Distribution","og_description":"Las pastillas de freno MTR-2 son pastillas de freno de metal sinterizado de alto rendimiento, con una mezcla de materiales que ha sido formulada para prolongar la vida \u00fatil de la pastilla. Dise\u00f1ado para producir una potencia de frenado constante y progresiva en las condiciones off-road m\u00e1s extremas, motocross, supercross, enduro, rally\u2026","og_url":"https:\/\/www.mataran-motocross.com\/en\/product\/pastilla-de-freno-delantera-85-ktm-hva-gasgas\/","og_site_name":"Mataran Distribution","article_modified_time":"2025-11-27T09:10:22+00:00","og_image":[{"width":500,"height":500,"url":"https:\/\/www.mataran-motocross.com\/wp-content\/uploads\/2021\/10\/MTR-2-BRAKE-PADS-MOTOCROSS-ENDURO-SINTERED-KTM-GASGAS-HUSQVARNA-85-8100235.jpg","type":"image\/jpeg"}],"twitter_card":"summary_large_image","twitter_misc":{"Estimated reading time":"1 minute"},"schema":{"@context":"https:\/\/schema.org","@graph":[{"@type":"WebPage","@id":"https:\/\/www.mataran-motocross.com\/producto\/pastilla-de-freno-delantera-85-ktm-hva-gasgas","url":"https:\/\/www.mataran-motocross.com\/producto\/pastilla-de-freno-delantera-85-ktm-hva-gasgas","name":"Pastilla de freno delantera 85 KTM SX \/ Husqvarna TC Hasta 2020 - Mataran Distribution","isPartOf":{"@id":"https:\/\/www.mataran-motocross.com\/#website"},"primaryImageOfPage":{"@id":"https:\/\/www.mataran-motocross.com\/producto\/pastilla-de-freno-delantera-85-ktm-hva-gasgas#primaryimage"},"image":{"@id":"https:\/\/www.mataran-motocross.com\/producto\/pastilla-de-freno-delantera-85-ktm-hva-gasgas#primaryimage"},"thumbnailUrl":"https:\/\/i0.wp.com\/www.mataran-motocross.com\/wp-content\/uploads\/2021\/10\/MTR-2-BRAKE-PADS-MOTOCROSS-ENDURO-SINTERED-KTM-GASGAS-HUSQVARNA-85-8100235.jpg?fit=500%2C500&ssl=1","datePublished":"2021-07-15T09:12:23+00:00","dateModified":"2025-11-27T09:10:22+00:00","breadcrumb":{"@id":"https:\/\/www.mataran-motocross.com\/producto\/pastilla-de-freno-delantera-85-ktm-hva-gasgas#breadcrumb"},"inLanguage":"en-GB","potentialAction":[{"@type":"ReadAction","target":["https:\/\/www.mataran-motocross.com\/producto\/pastilla-de-freno-delantera-85-ktm-hva-gasgas"]}]},{"@type":"ImageObject","inLanguage":"en-GB","@id":"https:\/\/www.mataran-motocross.com\/producto\/pastilla-de-freno-delantera-85-ktm-hva-gasgas#primaryimage","url":"https:\/\/i0.wp.com\/www.mataran-motocross.com\/wp-content\/uploads\/2021\/10\/MTR-2-BRAKE-PADS-MOTOCROSS-ENDURO-SINTERED-KTM-GASGAS-HUSQVARNA-85-8100235.jpg?fit=500%2C500&ssl=1","contentUrl":"https:\/\/i0.wp.com\/www.mataran-motocross.com\/wp-content\/uploads\/2021\/10\/MTR-2-BRAKE-PADS-MOTOCROSS-ENDURO-SINTERED-KTM-GASGAS-HUSQVARNA-85-8100235.jpg?fit=500%2C500&ssl=1","width":500,"height":500},{"@type":"BreadcrumbList","@id":"https:\/\/www.mataran-motocross.com\/producto\/pastilla-de-freno-delantera-85-ktm-hva-gasgas#breadcrumb","itemListElement":[{"@type":"ListItem","position":1,"name":"Portada","item":"https:\/\/www.mataran-motocross.com\/"},{"@type":"ListItem","position":2,"name":"Tienda","item":"https:\/\/www.mataran-motocross.com\/tienda"},{"@type":"ListItem","position":3,"name":"Pastilla de freno delantera 85 KTM SX \/ Husqvarna TC Hasta 2020"}]},{"@type":"WebSite","@id":"https:\/\/www.mataran-motocross.com\/#website","url":"https:\/\/www.mataran-motocross.com\/","name":"Mataran Distribution","description":"Off-Road | Tienda Distribuidor, Accesorios, Recambios, Equipaci\u00f3n...","publisher":{"@id":"https:\/\/www.mataran-motocross.com\/#organization"},"alternateName":"Mataran Distribution | Motocross, Enduro, MTB, BMX...","potentialAction":[{"@type":"SearchAction","target":{"@type":"EntryPoint","urlTemplate":"https:\/\/www.mataran-motocross.com\/?s={search_term_string}"},"query-input":{"@type":"PropertyValueSpecification","valueRequired":true,"valueName":"search_term_string"}}],"inLanguage":"en-GB"},{"@type":"Organization","@id":"https:\/\/www.mataran-motocross.com\/#organization","name":"Mataran Distribution","alternateName":"Mataran Distribution","url":"https:\/\/www.mataran-motocross.com\/","logo":{"@type":"ImageObject","inLanguage":"en-GB","@id":"https:\/\/www.mataran-motocross.com\/#\/schema\/logo\/image\/","url":"https:\/\/i0.wp.com\/www.mataran-motocross.com\/wp-content\/uploads\/2023\/01\/logo_mataran.png?fit=269%2C86&ssl=1","contentUrl":"https:\/\/i0.wp.com\/www.mataran-motocross.com\/wp-content\/uploads\/2023\/01\/logo_mataran.png?fit=269%2C86&ssl=1","width":269,"height":86,"caption":"Mataran Distribution"},"image":{"@id":"https:\/\/www.mataran-motocross.com\/#\/schema\/logo\/image\/"}}]}},"jetpack_sharing_enabled":true,"_links":{"self":[{"href":"https:\/\/www.mataran-motocross.com\/en\/wp-json\/wp\/v2\/product\/2887","targetHints":{"allow":["GET"]}}],"collection":[{"href":"https:\/\/www.mataran-motocross.com\/en\/wp-json\/wp\/v2\/product"}],"about":[{"href":"https:\/\/www.mataran-motocross.com\/en\/wp-json\/wp\/v2\/types\/product"}],"wp:featuredmedia":[{"embeddable":true,"href":"https:\/\/www.mataran-motocross.com\/en\/wp-json\/wp\/v2\/media\/5303"}],"wp:attachment":[{"href":"https:\/\/www.mataran-motocross.com\/en\/wp-json\/wp\/v2\/media?parent=2887"}],"wp:term":[{"taxonomy":"product_brand","embeddable":true,"href":"https:\/\/www.mataran-motocross.com\/en\/wp-json\/wp\/v2\/product_brand?post=2887"},{"taxonomy":"product_cat","embeddable":true,"href":"https:\/\/www.mataran-motocross.com\/en\/wp-json\/wp\/v2\/product_cat?post=2887"},{"taxonomy":"product_tag","embeddable":true,"href":"https:\/\/www.mataran-motocross.com\/en\/wp-json\/wp\/v2\/product_tag?post=2887"}],"curies":[{"name":"wp","href":"https:\/\/api.w.org\/{rel}","templated":true}]}}